{"id":4053,"date":"2025-05-01T15:25:40","date_gmt":"2025-05-01T13:25:40","guid":{"rendered":"https:\/\/ibmhconseils.com\/?page_id=4053"},"modified":"2025-05-04T20:04:02","modified_gmt":"2025-05-04T18:04:02","slug":"le-mot-du-fondateur-2","status":"publish","type":"page","link":"https:\/\/ibmhconseils.com\/index.php\/le-mot-du-fondateur-2\/","title":{"rendered":"Le Mot du Fondateur"},"content":{"rendered":"\t\t<div data-elementor-type=\"wp-page\" data-elementor-id=\"4053\" class=\"elementor elementor-4053\" data-elementor-settings=\"{&quot;ha_cmc_init_switcher&quot;:&quot;no&quot;}\">\n\t\t\t\t\t\t<section class=\"elementor-section elementor-top-section elementor-element elementor-element-4d5e1ee elementor-section-full_width elementor-section-height-default elementor-section-height-default wpr-particle-no wpr-jarallax-no wpr-parallax-no wpr-sticky-section-no wpr-equal-height-no\" data-id=\"4d5e1ee\" data-element_type=\"section\" data-e-type=\"section\" data-settings=\"{&quot;_ha_eqh_enable&quot;:false}\">\n\t\t\t\t\t\t<div class=\"elementor-container elementor-column-gap-default\">\n\t\t\t\t\t<div class=\"elementor-column elementor-col-100 elementor-top-column elementor-element elementor-element-ac5985d\" data-id=\"ac5985d\" data-element_type=\"column\" data-e-type=\"column\">\n\t\t\t<div class=\"elementor-widget-wrap elementor-element-populated\">\n\t\t\t\t\t\t<section class=\"elementor-section elementor-inner-section elementor-element elementor-element-7a957cd elementor-section-full_width elementor-section-height-default elementor-section-height-default wpr-particle-no wpr-jarallax-no wpr-parallax-no wpr-sticky-section-no wpr-equal-height-no\" data-id=\"7a957cd\" data-element_type=\"section\" data-e-type=\"section\" data-settings=\"{&quot;background_background&quot;:&quot;classic&quot;,&quot;_ha_eqh_enable&quot;:false}\">\n\t\t\t\t\t\t<div class=\"elementor-container elementor-column-gap-default\">\n\t\t\t\t\t<div class=\"elementor-column elementor-col-100 elementor-inner-column elementor-element elementor-element-1334770\" data-id=\"1334770\" data-element_type=\"column\" data-e-type=\"column\">\n\t\t\t<div class=\"elementor-widget-wrap elementor-element-populated\">\n\t\t\t\t\t\t<div class=\"elementor-element elementor-element-1ea986e elementor-widget elementor-widget-heading\" data-id=\"1ea986e\" data-element_type=\"widget\" data-e-type=\"widget\" data-widget_type=\"heading.default\">\n\t\t\t\t<div class=\"elementor-widget-container\">\n\t\t\t\t\t<h2 class=\"elementor-heading-title elementor-size-default\">Les agences IBMH Conseils proposent d\u2019accompagner les d\u00e9cideurs des Etablissements de Sant\u00e9 dans leurs projets d\u2019investissements, de travaux et de gestion de l'ensemble de leurs services supports<\/h2>\t\t\t\t<\/div>\n\t\t\t\t<\/div>\n\t\t\t\t\t<\/div>\n\t\t<\/div>\n\t\t\t\t\t<\/div>\n\t\t<\/section>\n\t\t\t\t\t<\/div>\n\t\t<\/div>\n\t\t\t\t\t<\/div>\n\t\t<\/section>\n\t\t\t\t<section class=\"elementor-section elementor-top-section elementor-element elementor-element-e7dc3a9 elementor-section-boxed elementor-section-height-default elementor-section-height-default wpr-particle-no wpr-jarallax-no wpr-parallax-no wpr-sticky-section-no wpr-equal-height-no\" data-id=\"e7dc3a9\" data-element_type=\"section\" data-e-type=\"section\" data-settings=\"{&quot;_ha_eqh_enable&quot;:false}\">\n\t\t\t\t\t\t<div class=\"elementor-container elementor-column-gap-default\">\n\t\t\t\t\t<div class=\"elementor-column elementor-col-100 elementor-top-column elementor-element elementor-element-f04a563\" data-id=\"f04a563\" data-element_type=\"column\" data-e-type=\"column\">\n\t\t\t<div class=\"elementor-widget-wrap elementor-element-populated\">\n\t\t\t\t\t\t<section class=\"elementor-section elementor-inner-section elementor-element elementor-element-d8165d0 elementor-section-boxed elementor-section-height-default elementor-section-height-default wpr-particle-no wpr-jarallax-no wpr-parallax-no wpr-sticky-section-no wpr-equal-height-no\" data-id=\"d8165d0\" data-element_type=\"section\" data-e-type=\"section\" data-settings=\"{&quot;_ha_eqh_enable&quot;:false}\">\n\t\t\t\t\t\t<div class=\"elementor-container elementor-column-gap-default\">\n\t\t\t\t\t<div class=\"elementor-column elementor-col-50 elementor-inner-column elementor-element elementor-element-df20678\" data-id=\"df20678\" data-element_type=\"column\" data-e-type=\"column\">\n\t\t\t<div class=\"elementor-widget-wrap elementor-element-populated\">\n\t\t\t\t\t\t<div class=\"elementor-element elementor-element-4669448 elementor-widget elementor-widget-image\" data-id=\"4669448\" data-element_type=\"widget\" data-e-type=\"widget\" data-widget_type=\"image.default\">\n\t\t\t\t<div class=\"elementor-widget-container\">\n\t\t\t\t\t\t\t\t\t\t\t\t\t\t\t\t<a href=\"https:\/\/ibmhconseils.com\/index.php\/cv\/\">\n\t\t\t\t\t\t\t<img fetchpriority=\"high\" decoding=\"async\" width=\"225\" height=\"300\" src=\"https:\/\/ibmhconseils.com\/wp-content\/uploads\/2023\/02\/PHILIPPE-BUREAU-D8E_1265_-225x300.jpg\" class=\"attachment-medium size-medium wp-image-1408\" alt=\"\" srcset=\"https:\/\/ibmhconseils.com\/wp-content\/uploads\/2023\/02\/PHILIPPE-BUREAU-D8E_1265_-225x300.jpg 225w, https:\/\/ibmhconseils.com\/wp-content\/uploads\/2023\/02\/PHILIPPE-BUREAU-D8E_1265_-768x1024.jpg 768w, https:\/\/ibmhconseils.com\/wp-content\/uploads\/2023\/02\/PHILIPPE-BUREAU-D8E_1265_-1152x1536.jpg 1152w, https:\/\/ibmhconseils.com\/wp-content\/uploads\/2023\/02\/PHILIPPE-BUREAU-D8E_1265_-1536x2048.jpg 1536w, https:\/\/ibmhconseils.com\/wp-content\/uploads\/2023\/02\/PHILIPPE-BUREAU-D8E_1265_-scaled.jpg 1920w\" sizes=\"(max-width: 225px) 100vw, 225px\" \/>\t\t\t\t\t\t\t\t<\/a>\n\t\t\t\t\t\t\t\t\t\t\t\t\t\t\t<\/div>\n\t\t\t\t<\/div>\n\t\t\t\t\t<\/div>\n\t\t<\/div>\n\t\t\t\t<div class=\"elementor-column elementor-col-50 elementor-inner-column elementor-element elementor-element-102bf71\" data-id=\"102bf71\" data-element_type=\"column\" data-e-type=\"column\">\n\t\t\t<div class=\"elementor-widget-wrap elementor-element-populated\">\n\t\t\t\t\t\t<div class=\"elementor-element elementor-element-59686e1 elementor-widget__width-initial elementor-widget elementor-widget-text-editor\" data-id=\"59686e1\" data-element_type=\"widget\" data-e-type=\"widget\" data-widget_type=\"text-editor.default\">\n\t\t\t\t<div class=\"elementor-widget-container\">\n\t\t\t\t\t\t\t\t\t<p><span style=\"color: #000000;\">Que vos projets concernent des domaines m\u00e9dico-techniques, biom\u00e9dicaux, logistiques, de s\u00e9curit\u00e9 ou de suret\u00e9, les Experts IBMH Conseils travaillent conjointement et en lien \u00e9troit avec leurs partenaires fabricants, fournisseurs et prestataires de services, afin d&rsquo;apporter des r\u00e9ponses efficientes, adapt\u00e9es, innovantes et \u00e9co responsables \u00e0 chacun de vos projets.<\/span><\/p><p><span style=\"color: #000000;\">Pour compl\u00e9ter sa gamme de services, des formations propos\u00e9es par l&rsquo;agence IBMH Conseils France, reconnue Organisme de Formation certifi\u00e9 QUALIOPI pour les actions de formation, vous permettront de r\u00e9pondre aux besoins et attentes en d\u00e9veloppement de comp\u00e9tences de vos collaborateurs et ce, dans tous les domaines techniques d&rsquo;un \u00e9tablissement de sant\u00e9.<\/span><\/p>\t\t\t\t\t\t\t\t<\/div>\n\t\t\t\t<\/div>\n\t\t\t\t\t<\/div>\n\t\t<\/div>\n\t\t\t\t\t<\/div>\n\t\t<\/section>\n\t\t\t\t\t<\/div>\n\t\t<\/div>\n\t\t\t\t\t<\/div>\n\t\t<\/section>\n\t\t\t\t<\/div>\n\t\t","protected":false},"excerpt":{"rendered":"<p>Les agences IBMH Conseils proposent d\u2019accompagner les d\u00e9cideurs des Etablissements de Sant\u00e9 dans leurs projets d\u2019investissements, de travaux et de gestion de l&rsquo;ensemble de leurs services supports Que vos projets concernent des domaines m\u00e9dico-techniques, biom\u00e9dicaux, logistiques, de s\u00e9curit\u00e9 ou de suret\u00e9, les Experts IBMH Conseils travaillent conjointement et en lien \u00e9troit avec leurs partenaires fabricants, fournisseurs et prestataires de services, afin d&rsquo;apporter des r\u00e9ponses efficientes, adapt\u00e9es, innovantes et \u00e9co responsables \u00e0 chacun de vos projets. Pour compl\u00e9ter sa gamme de services, des formations propos\u00e9es par l&rsquo;agence IBMH Conseils France, reconnue Organisme de Formation certifi\u00e9 QUALIOPI pour les actions de formation, vous permettront de r\u00e9pondre aux besoins et attentes en d\u00e9veloppement de comp\u00e9tences de vos collaborateurs et ce, dans tous les domaines techniques d&rsquo;un \u00e9tablissement de sant\u00e9.<\/p>\n","protected":false},"author":2,"featured_media":0,"parent":0,"menu_order":0,"comment_status":"closed","ping_status":"closed","template":"","meta":{"site-sidebar-layout":"no-sidebar","site-content-layout":"page-builder","ast-site-content-layout":"default","site-content-style":"default","site-sidebar-style":"default","ast-global-header-display":"","ast-banner-title-visibility":"","ast-main-header-display":"","ast-hfb-above-header-display":"","ast-hfb-below-header-display":"","ast-hfb-mobile-header-display":"","site-post-title":"disabled","ast-breadcrumbs-content":"","ast-featured-img":"disabled","footer-sml-layout":"","ast-disable-related-posts":"","theme-transparent-header-meta":"","adv-header-id-meta":"","stick-header-meta":"","header-above-stick-meta":"","header-main-stick-meta":"","header-below-stick-meta":"","astra-migrate-meta-layouts":"default","ast-page-background-enabled":"default","ast-page-background-meta":{"desktop":{"background-color":"","background-image":"","background-repeat":"repeat","background-position":"center center","background-size":"auto","background-attachment":"scroll","background-type":"","background-media":"","overlay-type":"","overlay-color":"","overlay-opacity":"","overlay-gradient":""},"tablet":{"background-color":"","background-image":"","background-repeat":"repeat","background-position":"center center","background-size":"auto","background-attachment":"scroll","background-type":"","background-media":"","overlay-type":"","overlay-color":"","overlay-opacity":"","overlay-gradient":""},"mobile":{"background-color":"","background-image":"","background-repeat":"repeat","background-position":"center center","background-size":"auto","background-attachment":"scroll","background-type":"","background-media":"","overlay-type":"","overlay-color":"","overlay-opacity":"","overlay-gradient":""}},"ast-content-background-meta":{"desktop":{"background-color":"var(--ast-global-color-5)","background-image":"","background-repeat":"repeat","background-position":"center center","background-size":"auto","background-attachment":"scroll","background-type":"","background-media":"","overlay-type":"","overlay-color":"","overlay-opacity":"","overlay-gradient":""},"tablet":{"background-color":"var(--ast-global-color-5)","background-image":"","background-repeat":"repeat","background-position":"center center","background-size":"auto","background-attachment":"scroll","background-type":"","background-media":"","overlay-type":"","overlay-color":"","overlay-opacity":"","overlay-gradient":""},"mobile":{"background-color":"var(--ast-global-color-5)","background-image":"","background-repeat":"repeat","background-position":"center center","background-size":"auto","background-attachment":"scroll","background-type":"","background-media":"","overlay-type":"","overlay-color":"","overlay-opacity":"","overlay-gradient":""}},"footnotes":""},"class_list":["post-4053","page","type-page","status-publish","hentry"],"yoast_head":"<!-- This site is optimized with the Yoast SEO plugin v27.4 - https:\/\/yoast.com\/product\/yoast-seo-wordpress\/ -->\n<title>Le Mot du Fondateur - IBMH Conseils<\/title>\n<meta name=\"robots\" content=\"index, follow, max-snippet:-1, max-image-preview:large, max-video-preview:-1\" \/>\n<link rel=\"canonical\" href=\"https:\/\/ibmhconseils.com\/index.php\/le-mot-du-fondateur-2\/\" \/>\n<meta property=\"og:locale\" content=\"fr_FR\" \/>\n<meta property=\"og:type\" content=\"article\" \/>\n<meta property=\"og:title\" content=\"Le Mot du Fondateur - IBMH Conseils\" \/>\n<meta property=\"og:description\" content=\"Les agences IBMH Conseils proposent d\u2019accompagner les d\u00e9cideurs des Etablissements de Sant\u00e9 dans leurs projets d\u2019investissements, de travaux et de gestion de l&rsquo;ensemble de leurs services supports Que vos projets concernent des domaines m\u00e9dico-techniques, biom\u00e9dicaux, logistiques, de s\u00e9curit\u00e9 ou de suret\u00e9, les Experts IBMH Conseils travaillent conjointement et en lien \u00e9troit avec leurs partenaires fabricants, fournisseurs et prestataires de services, afin d&rsquo;apporter des r\u00e9ponses efficientes, adapt\u00e9es, innovantes et \u00e9co responsables \u00e0 chacun de vos projets. Pour compl\u00e9ter sa gamme de services, des formations propos\u00e9es par l&rsquo;agence IBMH Conseils France, reconnue Organisme de Formation certifi\u00e9 QUALIOPI pour les actions de formation, vous permettront de r\u00e9pondre aux besoins et attentes en d\u00e9veloppement de comp\u00e9tences de vos collaborateurs et ce, dans tous les domaines techniques d&rsquo;un \u00e9tablissement de sant\u00e9.\" \/>\n<meta property=\"og:url\" content=\"https:\/\/ibmhconseils.com\/index.php\/le-mot-du-fondateur-2\/\" \/>\n<meta property=\"og:site_name\" content=\"IBMH Conseils\" \/>\n<meta property=\"article:modified_time\" content=\"2025-05-04T18:04:02+00:00\" \/>\n<meta property=\"og:image\" content=\"https:\/\/ibmhconseils.com\/wp-content\/uploads\/2023\/02\/PHILIPPE-BUREAU-D8E_1265_-scaled.jpg\" \/>\n\t<meta property=\"og:image:width\" content=\"1920\" \/>\n\t<meta property=\"og:image:height\" content=\"2560\" \/>\n\t<meta property=\"og:image:type\" content=\"image\/jpeg\" \/>\n<meta name=\"twitter:card\" content=\"summary_large_image\" \/>\n<meta name=\"twitter:label1\" content=\"Dur\u00e9e de lecture estim\u00e9e\" \/>\n\t<meta name=\"twitter:data1\" content=\"1 minute\" \/>\n<script type=\"application\/ld+json\" class=\"yoast-schema-graph\">{\"@context\":\"https:\\\/\\\/schema.org\",\"@graph\":[{\"@type\":\"WebPage\",\"@id\":\"https:\\\/\\\/ibmhconseils.com\\\/index.php\\\/le-mot-du-fondateur-2\\\/\",\"url\":\"https:\\\/\\\/ibmhconseils.com\\\/index.php\\\/le-mot-du-fondateur-2\\\/\",\"name\":\"Le Mot du Fondateur - IBMH Conseils\",\"isPartOf\":{\"@id\":\"https:\\\/\\\/ibmhconseils.com\\\/#website\"},\"primaryImageOfPage\":{\"@id\":\"https:\\\/\\\/ibmhconseils.com\\\/index.php\\\/le-mot-du-fondateur-2\\\/#primaryimage\"},\"image\":{\"@id\":\"https:\\\/\\\/ibmhconseils.com\\\/index.php\\\/le-mot-du-fondateur-2\\\/#primaryimage\"},\"thumbnailUrl\":\"https:\\\/\\\/ibmhconseils.com\\\/wp-content\\\/uploads\\\/2023\\\/02\\\/PHILIPPE-BUREAU-D8E_1265_-225x300.jpg\",\"datePublished\":\"2025-05-01T13:25:40+00:00\",\"dateModified\":\"2025-05-04T18:04:02+00:00\",\"breadcrumb\":{\"@id\":\"https:\\\/\\\/ibmhconseils.com\\\/index.php\\\/le-mot-du-fondateur-2\\\/#breadcrumb\"},\"inLanguage\":\"fr-FR\",\"potentialAction\":[{\"@type\":\"ReadAction\",\"target\":[\"https:\\\/\\\/ibmhconseils.com\\\/index.php\\\/le-mot-du-fondateur-2\\\/\"]}]},{\"@type\":\"ImageObject\",\"inLanguage\":\"fr-FR\",\"@id\":\"https:\\\/\\\/ibmhconseils.com\\\/index.php\\\/le-mot-du-fondateur-2\\\/#primaryimage\",\"url\":\"https:\\\/\\\/ibmhconseils.com\\\/wp-content\\\/uploads\\\/2023\\\/02\\\/PHILIPPE-BUREAU-D8E_1265_-scaled.jpg\",\"contentUrl\":\"https:\\\/\\\/ibmhconseils.com\\\/wp-content\\\/uploads\\\/2023\\\/02\\\/PHILIPPE-BUREAU-D8E_1265_-scaled.jpg\",\"width\":1920,\"height\":2560},{\"@type\":\"BreadcrumbList\",\"@id\":\"https:\\\/\\\/ibmhconseils.com\\\/index.php\\\/le-mot-du-fondateur-2\\\/#breadcrumb\",\"itemListElement\":[{\"@type\":\"ListItem\",\"position\":1,\"name\":\"Accueil\",\"item\":\"https:\\\/\\\/ibmhconseils.com\\\/\"},{\"@type\":\"ListItem\",\"position\":2,\"name\":\"Le Mot du Fondateur\"}]},{\"@type\":\"WebSite\",\"@id\":\"https:\\\/\\\/ibmhconseils.com\\\/#website\",\"url\":\"https:\\\/\\\/ibmhconseils.com\\\/\",\"name\":\"IBMH Conseils\",\"description\":\"Collaborez avec des professionnels sp\u00e9cialis\u00e9s dans vos domaines d\u2019activit\u00e9s\",\"publisher\":{\"@id\":\"https:\\\/\\\/ibmhconseils.com\\\/#organization\"},\"potentialAction\":[{\"@type\":\"SearchAction\",\"target\":{\"@type\":\"EntryPoint\",\"urlTemplate\":\"https:\\\/\\\/ibmhconseils.com\\\/?s={search_term_string}\"},\"query-input\":{\"@type\":\"PropertyValueSpecification\",\"valueRequired\":true,\"valueName\":\"search_term_string\"}}],\"inLanguage\":\"fr-FR\"},{\"@type\":\"Organization\",\"@id\":\"https:\\\/\\\/ibmhconseils.com\\\/#organization\",\"name\":\"IBMH Conseils\",\"url\":\"https:\\\/\\\/ibmhconseils.com\\\/\",\"logo\":{\"@type\":\"ImageObject\",\"inLanguage\":\"fr-FR\",\"@id\":\"https:\\\/\\\/ibmhconseils.com\\\/#\\\/schema\\\/logo\\\/image\\\/\",\"url\":\"https:\\\/\\\/ibmhconseils.com\\\/wp-content\\\/uploads\\\/2025\\\/05\\\/LOGO-IBMH-CONSEILS-BLANC_.png\",\"contentUrl\":\"https:\\\/\\\/ibmhconseils.com\\\/wp-content\\\/uploads\\\/2025\\\/05\\\/LOGO-IBMH-CONSEILS-BLANC_.png\",\"width\":1829,\"height\":738,\"caption\":\"IBMH Conseils\"},\"image\":{\"@id\":\"https:\\\/\\\/ibmhconseils.com\\\/#\\\/schema\\\/logo\\\/image\\\/\"},\"sameAs\":[\"https:\\\/\\\/www.linkedin.com\\\/in\\\/ibmh-conseils-7508931b6\\\/\"]}]}<\/script>\n<!-- \/ Yoast SEO plugin. -->","yoast_head_json":{"title":"Le Mot du Fondateur - IBMH Conseils","robots":{"index":"index","follow":"follow","max-snippet":"max-snippet:-1","max-image-preview":"max-image-preview:large","max-video-preview":"max-video-preview:-1"},"canonical":"https:\/\/ibmhconseils.com\/index.php\/le-mot-du-fondateur-2\/","og_locale":"fr_FR","og_type":"article","og_title":"Le Mot du Fondateur - IBMH Conseils","og_description":"Les agences IBMH Conseils proposent d\u2019accompagner les d\u00e9cideurs des Etablissements de Sant\u00e9 dans leurs projets d\u2019investissements, de travaux et de gestion de l&rsquo;ensemble de leurs services supports Que vos projets concernent des domaines m\u00e9dico-techniques, biom\u00e9dicaux, logistiques, de s\u00e9curit\u00e9 ou de suret\u00e9, les Experts IBMH Conseils travaillent conjointement et en lien \u00e9troit avec leurs partenaires fabricants, fournisseurs et prestataires de services, afin d&rsquo;apporter des r\u00e9ponses efficientes, adapt\u00e9es, innovantes et \u00e9co responsables \u00e0 chacun de vos projets. Pour compl\u00e9ter sa gamme de services, des formations propos\u00e9es par l&rsquo;agence IBMH Conseils France, reconnue Organisme de Formation certifi\u00e9 QUALIOPI pour les actions de formation, vous permettront de r\u00e9pondre aux besoins et attentes en d\u00e9veloppement de comp\u00e9tences de vos collaborateurs et ce, dans tous les domaines techniques d&rsquo;un \u00e9tablissement de sant\u00e9.","og_url":"https:\/\/ibmhconseils.com\/index.php\/le-mot-du-fondateur-2\/","og_site_name":"IBMH Conseils","article_modified_time":"2025-05-04T18:04:02+00:00","og_image":[{"width":1920,"height":2560,"url":"https:\/\/ibmhconseils.com\/wp-content\/uploads\/2023\/02\/PHILIPPE-BUREAU-D8E_1265_-scaled.jpg","type":"image\/jpeg"}],"twitter_card":"summary_large_image","twitter_misc":{"Dur\u00e9e de lecture estim\u00e9e":"1 minute"},"schema":{"@context":"https:\/\/schema.org","@graph":[{"@type":"WebPage","@id":"https:\/\/ibmhconseils.com\/index.php\/le-mot-du-fondateur-2\/","url":"https:\/\/ibmhconseils.com\/index.php\/le-mot-du-fondateur-2\/","name":"Le Mot du Fondateur - IBMH Conseils","isPartOf":{"@id":"https:\/\/ibmhconseils.com\/#website"},"primaryImageOfPage":{"@id":"https:\/\/ibmhconseils.com\/index.php\/le-mot-du-fondateur-2\/#primaryimage"},"image":{"@id":"https:\/\/ibmhconseils.com\/index.php\/le-mot-du-fondateur-2\/#primaryimage"},"thumbnailUrl":"https:\/\/ibmhconseils.com\/wp-content\/uploads\/2023\/02\/PHILIPPE-BUREAU-D8E_1265_-225x300.jpg","datePublished":"2025-05-01T13:25:40+00:00","dateModified":"2025-05-04T18:04:02+00:00","breadcrumb":{"@id":"https:\/\/ibmhconseils.com\/index.php\/le-mot-du-fondateur-2\/#breadcrumb"},"inLanguage":"fr-FR","potentialAction":[{"@type":"ReadAction","target":["https:\/\/ibmhconseils.com\/index.php\/le-mot-du-fondateur-2\/"]}]},{"@type":"ImageObject","inLanguage":"fr-FR","@id":"https:\/\/ibmhconseils.com\/index.php\/le-mot-du-fondateur-2\/#primaryimage","url":"https:\/\/ibmhconseils.com\/wp-content\/uploads\/2023\/02\/PHILIPPE-BUREAU-D8E_1265_-scaled.jpg","contentUrl":"https:\/\/ibmhconseils.com\/wp-content\/uploads\/2023\/02\/PHILIPPE-BUREAU-D8E_1265_-scaled.jpg","width":1920,"height":2560},{"@type":"BreadcrumbList","@id":"https:\/\/ibmhconseils.com\/index.php\/le-mot-du-fondateur-2\/#breadcrumb","itemListElement":[{"@type":"ListItem","position":1,"name":"Accueil","item":"https:\/\/ibmhconseils.com\/"},{"@type":"ListItem","position":2,"name":"Le Mot du Fondateur"}]},{"@type":"WebSite","@id":"https:\/\/ibmhconseils.com\/#website","url":"https:\/\/ibmhconseils.com\/","name":"IBMH Conseils","description":"Collaborez avec des professionnels sp\u00e9cialis\u00e9s dans vos domaines d\u2019activit\u00e9s","publisher":{"@id":"https:\/\/ibmhconseils.com\/#organization"},"potentialAction":[{"@type":"SearchAction","target":{"@type":"EntryPoint","urlTemplate":"https:\/\/ibmhconseils.com\/?s={search_term_string}"},"query-input":{"@type":"PropertyValueSpecification","valueRequired":true,"valueName":"search_term_string"}}],"inLanguage":"fr-FR"},{"@type":"Organization","@id":"https:\/\/ibmhconseils.com\/#organization","name":"IBMH Conseils","url":"https:\/\/ibmhconseils.com\/","logo":{"@type":"ImageObject","inLanguage":"fr-FR","@id":"https:\/\/ibmhconseils.com\/#\/schema\/logo\/image\/","url":"https:\/\/ibmhconseils.com\/wp-content\/uploads\/2025\/05\/LOGO-IBMH-CONSEILS-BLANC_.png","contentUrl":"https:\/\/ibmhconseils.com\/wp-content\/uploads\/2025\/05\/LOGO-IBMH-CONSEILS-BLANC_.png","width":1829,"height":738,"caption":"IBMH Conseils"},"image":{"@id":"https:\/\/ibmhconseils.com\/#\/schema\/logo\/image\/"},"sameAs":["https:\/\/www.linkedin.com\/in\/ibmh-conseils-7508931b6\/"]}]}},"jetpack_sharing_enabled":true,"_links":{"self":[{"href":"https:\/\/ibmhconseils.com\/index.php\/wp-json\/wp\/v2\/pages\/4053","targetHints":{"allow":["GET"]}}],"collection":[{"href":"https:\/\/ibmhconseils.com\/index.php\/wp-json\/wp\/v2\/pages"}],"about":[{"href":"https:\/\/ibmhconseils.com\/index.php\/wp-json\/wp\/v2\/types\/page"}],"author":[{"embeddable":true,"href":"https:\/\/ibmhconseils.com\/index.php\/wp-json\/wp\/v2\/users\/2"}],"replies":[{"embeddable":true,"href":"https:\/\/ibmhconseils.com\/index.php\/wp-json\/wp\/v2\/comments?post=4053"}],"version-history":[{"count":14,"href":"https:\/\/ibmhconseils.com\/index.php\/wp-json\/wp\/v2\/pages\/4053\/revisions"}],"predecessor-version":[{"id":4134,"href":"https:\/\/ibmhconseils.com\/index.php\/wp-json\/wp\/v2\/pages\/4053\/revisions\/4134"}],"wp:attachment":[{"href":"https:\/\/ibmhconseils.com\/index.php\/wp-json\/wp\/v2\/media?parent=4053"}],"curies":[{"name":"wp","href":"https:\/\/api.w.org\/{rel}","templated":true}]}}