{"id":3869,"date":"2025-02-23T12:12:13","date_gmt":"2025-02-23T11:12:13","guid":{"rendered":"https:\/\/ibmhconseils.com\/?page_id=3869"},"modified":"2025-02-24T13:14:54","modified_gmt":"2025-02-24T12:14:54","slug":"conditions-generales-de-vente-et-prestations-de-services-cgvps","status":"publish","type":"page","link":"https:\/\/ibmhconseils.com\/index.php\/conditions-generales-de-vente-et-prestations-de-services-cgvps\/","title":{"rendered":"Conditions G\u00e9n\u00e9rales de vente et Prestations de Services &#8211; CGVPS"},"content":{"rendered":"\t\t<div data-elementor-type=\"wp-page\" data-elementor-id=\"3869\" class=\"elementor elementor-3869\" data-elementor-settings=\"{&quot;ha_cmc_init_switcher&quot;:&quot;no&quot;}\">\n\t\t\t\t\t\t<section class=\"elementor-section elementor-top-section elementor-element elementor-element-c77e971 elementor-section-boxed elementor-section-height-default elementor-section-height-default wpr-particle-no wpr-jarallax-no wpr-parallax-no wpr-sticky-section-no wpr-equal-height-no\" data-id=\"c77e971\" data-element_type=\"section\" data-e-type=\"section\" data-settings=\"{&quot;_ha_eqh_enable&quot;:false}\">\n\t\t\t\t\t\t<div class=\"elementor-container elementor-column-gap-default\">\n\t\t\t\t\t<div class=\"elementor-column elementor-col-100 elementor-top-column elementor-element elementor-element-925820a\" data-id=\"925820a\" data-element_type=\"column\" data-e-type=\"column\">\n\t\t\t<div class=\"elementor-widget-wrap elementor-element-populated\">\n\t\t\t\t\t\t<div class=\"elementor-element elementor-element-2071ee5 ha-has-bg-overlay elementor-widget elementor-widget-heading\" data-id=\"2071ee5\" data-element_type=\"widget\" data-e-type=\"widget\" data-widget_type=\"heading.default\">\n\t\t\t\t<div class=\"elementor-widget-container\">\n\t\t\t\t\t<h2 class=\"elementor-heading-title elementor-size-default\">Conditions G\u00e9n\u00e9rales de vente et de Prestations de Services<\/h2>\t\t\t\t<\/div>\n\t\t\t\t<\/div>\n\t\t\t\t<div class=\"elementor-element elementor-element-46efd29 ha-logo-grid--col-4 ha-logo-grid--box ha-logo-grid--col--tablet2 ha-logo-grid--col--mobile2 ha-has-bg-overlay elementor-widget elementor-widget-ha-logo-grid happy-addon ha-logo-grid\" data-id=\"46efd29\" data-element_type=\"widget\" data-e-type=\"widget\" data-widget_type=\"ha-logo-grid.default\">\n\t\t\t\t<div class=\"elementor-widget-container\">\n\t\t\t\t\t\n        <div class=\"ha-logo-grid-wrapper\">\n                            <a class=\"ha-logo-grid-item ha-logo-grid-link\" href=\"https:\/\/ibmhconseils.com\/wp-content\/uploads\/2025\/02\/CGVPS_IBMH_Conseils_CAMEROUN.pdf\" target=\"_blank\" rel=\"nofollow\">\n                    <figure class=\"ha-logo-grid-figure\">\n                    <img fetchpriority=\"high\" decoding=\"async\" width=\"488\" height=\"607\" src=\"https:\/\/ibmhconseils.com\/wp-content\/uploads\/2025\/02\/Cameroun.jpg\" class=\"ha-logo-grid-img elementor-animation-\" alt=\"\" srcset=\"https:\/\/ibmhconseils.com\/wp-content\/uploads\/2025\/02\/Cameroun.jpg 488w, https:\/\/ibmhconseils.com\/wp-content\/uploads\/2025\/02\/Cameroun-241x300.jpg 241w\" sizes=\"(max-width: 488px) 100vw, 488px\" \/>                    <\/figure>\n                <\/a>\n                            <a class=\"ha-logo-grid-item ha-logo-grid-link\" href=\"https:\/\/ibmhconseils.com\/wp-content\/uploads\/2025\/02\/CGVPS_IBMH_Conseils_FRANCE.pdf\" target=\"_blank\" rel=\"nofollow\">\n                    <figure class=\"ha-logo-grid-figure\">\n                    <img decoding=\"async\" width=\"482\" height=\"547\" src=\"https:\/\/ibmhconseils.com\/wp-content\/uploads\/2025\/02\/FRance.jpg\" class=\"ha-logo-grid-img elementor-animation-\" alt=\"\" srcset=\"https:\/\/ibmhconseils.com\/wp-content\/uploads\/2025\/02\/FRance.jpg 482w, https:\/\/ibmhconseils.com\/wp-content\/uploads\/2025\/02\/FRance-264x300.jpg 264w\" sizes=\"(max-width: 482px) 100vw, 482px\" \/>                    <\/figure>\n                <\/a>\n                            <a class=\"ha-logo-grid-item ha-logo-grid-link\" href=\"https:\/\/ibmhconseils.com\/wp-content\/uploads\/2025\/02\/CGVPS_IBMH_Conseils_MAURITANIE.pdf\" target=\"_blank\" rel=\"nofollow\">\n                    <figure class=\"ha-logo-grid-figure\">\n                    <img decoding=\"async\" width=\"466\" height=\"572\" src=\"https:\/\/ibmhconseils.com\/wp-content\/uploads\/2025\/02\/Mauritanie.jpg\" class=\"ha-logo-grid-img elementor-animation-\" alt=\"\" srcset=\"https:\/\/ibmhconseils.com\/wp-content\/uploads\/2025\/02\/Mauritanie.jpg 466w, https:\/\/ibmhconseils.com\/wp-content\/uploads\/2025\/02\/Mauritanie-244x300.jpg 244w\" sizes=\"(max-width: 466px) 100vw, 466px\" \/>                    <\/figure>\n                <\/a>\n                            <a class=\"ha-logo-grid-item ha-logo-grid-link\" href=\"https:\/\/ibmhconseils.com\/wp-content\/uploads\/2025\/02\/CGVPS_IBMH_Conseils_TOGO.pdf\" target=\"_blank\" rel=\"nofollow\">\n                    <figure class=\"ha-logo-grid-figure\">\n                    <img loading=\"lazy\" decoding=\"async\" width=\"320\" height=\"437\" src=\"https:\/\/ibmhconseils.com\/wp-content\/uploads\/2025\/02\/togo.jpg\" class=\"ha-logo-grid-img elementor-animation-\" alt=\"\" srcset=\"https:\/\/ibmhconseils.com\/wp-content\/uploads\/2025\/02\/togo.jpg 320w, https:\/\/ibmhconseils.com\/wp-content\/uploads\/2025\/02\/togo-220x300.jpg 220w\" sizes=\"(max-width: 320px) 100vw, 320px\" \/>                    <\/figure>\n                <\/a>\n                    <\/div>\n\n        \t\t\t\t<\/div>\n\t\t\t\t<\/div>\n\t\t\t\t\t<\/div>\n\t\t<\/div>\n\t\t\t\t\t<\/div>\n\t\t<\/section>\n\t\t\t\t<\/div>\n\t\t","protected":false},"excerpt":{"rendered":"<p>Conditions G\u00e9n\u00e9rales de vente et de Prestations de Services<\/p>\n","protected":false},"author":2,"featured_media":0,"parent":0,"menu_order":0,"comment_status":"closed","ping_status":"closed","template":"","meta":{"site-sidebar-layout":"no-sidebar","site-content-layout":"page-builder","ast-site-content-layout":"default","site-content-style":"default","site-sidebar-style":"default","ast-global-header-display":"","ast-banner-title-visibility":"","ast-main-header-display":"","ast-hfb-above-header-display":"","ast-hfb-below-header-display":"","ast-hfb-mobile-header-display":"","site-post-title":"disabled","ast-breadcrumbs-content":"","ast-featured-img":"disabled","footer-sml-layout":"","ast-disable-related-posts":"","theme-transparent-header-meta":"","adv-header-id-meta":"","stick-header-meta":"","header-above-stick-meta":"","header-main-stick-meta":"","header-below-stick-meta":"","astra-migrate-meta-layouts":"default","ast-page-background-enabled":"default","ast-page-background-meta":{"desktop":{"background-color":"","background-image":"","background-repeat":"repeat","background-position":"center center","background-size":"auto","background-attachment":"scroll","background-type":"","background-media":"","overlay-type":"","overlay-color":"","overlay-opacity":"","overlay-gradient":""},"tablet":{"background-color":"","background-image":"","background-repeat":"repeat","background-position":"center center","background-size":"auto","background-attachment":"scroll","background-type":"","background-media":"","overlay-type":"","overlay-color":"","overlay-opacity":"","overlay-gradient":""},"mobile":{"background-color":"","background-image":"","background-repeat":"repeat","background-position":"center center","background-size":"auto","background-attachment":"scroll","background-type":"","background-media":"","overlay-type":"","overlay-color":"","overlay-opacity":"","overlay-gradient":""}},"ast-content-background-meta":{"desktop":{"background-color":"var(--ast-global-color-5)","background-image":"","background-repeat":"repeat","background-position":"center center","background-size":"auto","background-attachment":"scroll","background-type":"","background-media":"","overlay-type":"","overlay-color":"","overlay-opacity":"","overlay-gradient":""},"tablet":{"background-color":"var(--ast-global-color-5)","background-image":"","background-repeat":"repeat","background-position":"center center","background-size":"auto","background-attachment":"scroll","background-type":"","background-media":"","overlay-type":"","overlay-color":"","overlay-opacity":"","overlay-gradient":""},"mobile":{"background-color":"var(--ast-global-color-5)","background-image":"","background-repeat":"repeat","background-position":"center center","background-size":"auto","background-attachment":"scroll","background-type":"","background-media":"","overlay-type":"","overlay-color":"","overlay-opacity":"","overlay-gradient":""}},"footnotes":""},"class_list":["post-3869","page","type-page","status-publish","hentry"],"yoast_head":"<!-- This site is optimized with the Yoast SEO plugin v27.4 - https:\/\/yoast.com\/product\/yoast-seo-wordpress\/ -->\n<title>Conditions G\u00e9n\u00e9rales de vente et Prestations de Services - CGVPS - IBMH Conseils<\/title>\n<meta name=\"robots\" content=\"index, follow, max-snippet:-1, max-image-preview:large, max-video-preview:-1\" \/>\n<link rel=\"canonical\" href=\"https:\/\/ibmhconseils.com\/index.php\/conditions-generales-de-vente-et-prestations-de-services-cgvps\/\" \/>\n<meta property=\"og:locale\" content=\"fr_FR\" \/>\n<meta property=\"og:type\" content=\"article\" \/>\n<meta property=\"og:title\" content=\"Conditions G\u00e9n\u00e9rales de vente et Prestations de Services - CGVPS - IBMH Conseils\" \/>\n<meta property=\"og:description\" content=\"Conditions G\u00e9n\u00e9rales de vente et de Prestations de Services\" \/>\n<meta property=\"og:url\" content=\"https:\/\/ibmhconseils.com\/index.php\/conditions-generales-de-vente-et-prestations-de-services-cgvps\/\" \/>\n<meta property=\"og:site_name\" content=\"IBMH Conseils\" \/>\n<meta property=\"article:modified_time\" content=\"2025-02-24T12:14:54+00:00\" \/>\n<meta property=\"og:image\" content=\"https:\/\/ibmhconseils.com\/wp-content\/uploads\/2025\/02\/Cameroun.jpg\" \/>\n<meta name=\"twitter:card\" content=\"summary_large_image\" \/>\n<meta name=\"twitter:label1\" content=\"Dur\u00e9e de lecture estim\u00e9e\" \/>\n\t<meta name=\"twitter:data1\" content=\"1 minute\" \/>\n<script type=\"application\/ld+json\" class=\"yoast-schema-graph\">{\"@context\":\"https:\\\/\\\/schema.org\",\"@graph\":[{\"@type\":\"WebPage\",\"@id\":\"https:\\\/\\\/ibmhconseils.com\\\/index.php\\\/conditions-generales-de-vente-et-prestations-de-services-cgvps\\\/\",\"url\":\"https:\\\/\\\/ibmhconseils.com\\\/index.php\\\/conditions-generales-de-vente-et-prestations-de-services-cgvps\\\/\",\"name\":\"Conditions G\u00e9n\u00e9rales de vente et Prestations de Services - CGVPS - IBMH Conseils\",\"isPartOf\":{\"@id\":\"https:\\\/\\\/ibmhconseils.com\\\/#website\"},\"primaryImageOfPage\":{\"@id\":\"https:\\\/\\\/ibmhconseils.com\\\/index.php\\\/conditions-generales-de-vente-et-prestations-de-services-cgvps\\\/#primaryimage\"},\"image\":{\"@id\":\"https:\\\/\\\/ibmhconseils.com\\\/index.php\\\/conditions-generales-de-vente-et-prestations-de-services-cgvps\\\/#primaryimage\"},\"thumbnailUrl\":\"https:\\\/\\\/ibmhconseils.com\\\/wp-content\\\/uploads\\\/2025\\\/02\\\/Cameroun.jpg\",\"datePublished\":\"2025-02-23T11:12:13+00:00\",\"dateModified\":\"2025-02-24T12:14:54+00:00\",\"breadcrumb\":{\"@id\":\"https:\\\/\\\/ibmhconseils.com\\\/index.php\\\/conditions-generales-de-vente-et-prestations-de-services-cgvps\\\/#breadcrumb\"},\"inLanguage\":\"fr-FR\",\"potentialAction\":[{\"@type\":\"ReadAction\",\"target\":[\"https:\\\/\\\/ibmhconseils.com\\\/index.php\\\/conditions-generales-de-vente-et-prestations-de-services-cgvps\\\/\"]}]},{\"@type\":\"ImageObject\",\"inLanguage\":\"fr-FR\",\"@id\":\"https:\\\/\\\/ibmhconseils.com\\\/index.php\\\/conditions-generales-de-vente-et-prestations-de-services-cgvps\\\/#primaryimage\",\"url\":\"https:\\\/\\\/ibmhconseils.com\\\/wp-content\\\/uploads\\\/2025\\\/02\\\/Cameroun.jpg\",\"contentUrl\":\"https:\\\/\\\/ibmhconseils.com\\\/wp-content\\\/uploads\\\/2025\\\/02\\\/Cameroun.jpg\",\"width\":488,\"height\":607},{\"@type\":\"BreadcrumbList\",\"@id\":\"https:\\\/\\\/ibmhconseils.com\\\/index.php\\\/conditions-generales-de-vente-et-prestations-de-services-cgvps\\\/#breadcrumb\",\"itemListElement\":[{\"@type\":\"ListItem\",\"position\":1,\"name\":\"Accueil\",\"item\":\"https:\\\/\\\/ibmhconseils.com\\\/\"},{\"@type\":\"ListItem\",\"position\":2,\"name\":\"Conditions G\u00e9n\u00e9rales de vente et Prestations de Services &#8211; CGVPS\"}]},{\"@type\":\"WebSite\",\"@id\":\"https:\\\/\\\/ibmhconseils.com\\\/#website\",\"url\":\"https:\\\/\\\/ibmhconseils.com\\\/\",\"name\":\"IBMH Conseils\",\"description\":\"Collaborez avec des professionnels sp\u00e9cialis\u00e9s dans vos domaines d\u2019activit\u00e9s\",\"publisher\":{\"@id\":\"https:\\\/\\\/ibmhconseils.com\\\/#organization\"},\"potentialAction\":[{\"@type\":\"SearchAction\",\"target\":{\"@type\":\"EntryPoint\",\"urlTemplate\":\"https:\\\/\\\/ibmhconseils.com\\\/?s={search_term_string}\"},\"query-input\":{\"@type\":\"PropertyValueSpecification\",\"valueRequired\":true,\"valueName\":\"search_term_string\"}}],\"inLanguage\":\"fr-FR\"},{\"@type\":\"Organization\",\"@id\":\"https:\\\/\\\/ibmhconseils.com\\\/#organization\",\"name\":\"IBMH Conseils\",\"url\":\"https:\\\/\\\/ibmhconseils.com\\\/\",\"logo\":{\"@type\":\"ImageObject\",\"inLanguage\":\"fr-FR\",\"@id\":\"https:\\\/\\\/ibmhconseils.com\\\/#\\\/schema\\\/logo\\\/image\\\/\",\"url\":\"https:\\\/\\\/ibmhconseils.com\\\/wp-content\\\/uploads\\\/2025\\\/05\\\/LOGO-IBMH-CONSEILS-BLANC_.png\",\"contentUrl\":\"https:\\\/\\\/ibmhconseils.com\\\/wp-content\\\/uploads\\\/2025\\\/05\\\/LOGO-IBMH-CONSEILS-BLANC_.png\",\"width\":1829,\"height\":738,\"caption\":\"IBMH Conseils\"},\"image\":{\"@id\":\"https:\\\/\\\/ibmhconseils.com\\\/#\\\/schema\\\/logo\\\/image\\\/\"},\"sameAs\":[\"https:\\\/\\\/www.linkedin.com\\\/in\\\/ibmh-conseils-7508931b6\\\/\"]}]}<\/script>\n<!-- \/ Yoast SEO plugin. -->","yoast_head_json":{"title":"Conditions G\u00e9n\u00e9rales de vente et Prestations de Services - CGVPS - IBMH Conseils","robots":{"index":"index","follow":"follow","max-snippet":"max-snippet:-1","max-image-preview":"max-image-preview:large","max-video-preview":"max-video-preview:-1"},"canonical":"https:\/\/ibmhconseils.com\/index.php\/conditions-generales-de-vente-et-prestations-de-services-cgvps\/","og_locale":"fr_FR","og_type":"article","og_title":"Conditions G\u00e9n\u00e9rales de vente et Prestations de Services - CGVPS - IBMH Conseils","og_description":"Conditions G\u00e9n\u00e9rales de vente et de Prestations de Services","og_url":"https:\/\/ibmhconseils.com\/index.php\/conditions-generales-de-vente-et-prestations-de-services-cgvps\/","og_site_name":"IBMH Conseils","article_modified_time":"2025-02-24T12:14:54+00:00","og_image":[{"url":"https:\/\/ibmhconseils.com\/wp-content\/uploads\/2025\/02\/Cameroun.jpg","type":"","width":"","height":""}],"twitter_card":"summary_large_image","twitter_misc":{"Dur\u00e9e de lecture estim\u00e9e":"1 minute"},"schema":{"@context":"https:\/\/schema.org","@graph":[{"@type":"WebPage","@id":"https:\/\/ibmhconseils.com\/index.php\/conditions-generales-de-vente-et-prestations-de-services-cgvps\/","url":"https:\/\/ibmhconseils.com\/index.php\/conditions-generales-de-vente-et-prestations-de-services-cgvps\/","name":"Conditions G\u00e9n\u00e9rales de vente et Prestations de Services - CGVPS - IBMH Conseils","isPartOf":{"@id":"https:\/\/ibmhconseils.com\/#website"},"primaryImageOfPage":{"@id":"https:\/\/ibmhconseils.com\/index.php\/conditions-generales-de-vente-et-prestations-de-services-cgvps\/#primaryimage"},"image":{"@id":"https:\/\/ibmhconseils.com\/index.php\/conditions-generales-de-vente-et-prestations-de-services-cgvps\/#primaryimage"},"thumbnailUrl":"https:\/\/ibmhconseils.com\/wp-content\/uploads\/2025\/02\/Cameroun.jpg","datePublished":"2025-02-23T11:12:13+00:00","dateModified":"2025-02-24T12:14:54+00:00","breadcrumb":{"@id":"https:\/\/ibmhconseils.com\/index.php\/conditions-generales-de-vente-et-prestations-de-services-cgvps\/#breadcrumb"},"inLanguage":"fr-FR","potentialAction":[{"@type":"ReadAction","target":["https:\/\/ibmhconseils.com\/index.php\/conditions-generales-de-vente-et-prestations-de-services-cgvps\/"]}]},{"@type":"ImageObject","inLanguage":"fr-FR","@id":"https:\/\/ibmhconseils.com\/index.php\/conditions-generales-de-vente-et-prestations-de-services-cgvps\/#primaryimage","url":"https:\/\/ibmhconseils.com\/wp-content\/uploads\/2025\/02\/Cameroun.jpg","contentUrl":"https:\/\/ibmhconseils.com\/wp-content\/uploads\/2025\/02\/Cameroun.jpg","width":488,"height":607},{"@type":"BreadcrumbList","@id":"https:\/\/ibmhconseils.com\/index.php\/conditions-generales-de-vente-et-prestations-de-services-cgvps\/#breadcrumb","itemListElement":[{"@type":"ListItem","position":1,"name":"Accueil","item":"https:\/\/ibmhconseils.com\/"},{"@type":"ListItem","position":2,"name":"Conditions G\u00e9n\u00e9rales de vente et Prestations de Services &#8211; CGVPS"}]},{"@type":"WebSite","@id":"https:\/\/ibmhconseils.com\/#website","url":"https:\/\/ibmhconseils.com\/","name":"IBMH Conseils","description":"Collaborez avec des professionnels sp\u00e9cialis\u00e9s dans vos domaines d\u2019activit\u00e9s","publisher":{"@id":"https:\/\/ibmhconseils.com\/#organization"},"potentialAction":[{"@type":"SearchAction","target":{"@type":"EntryPoint","urlTemplate":"https:\/\/ibmhconseils.com\/?s={search_term_string}"},"query-input":{"@type":"PropertyValueSpecification","valueRequired":true,"valueName":"search_term_string"}}],"inLanguage":"fr-FR"},{"@type":"Organization","@id":"https:\/\/ibmhconseils.com\/#organization","name":"IBMH Conseils","url":"https:\/\/ibmhconseils.com\/","logo":{"@type":"ImageObject","inLanguage":"fr-FR","@id":"https:\/\/ibmhconseils.com\/#\/schema\/logo\/image\/","url":"https:\/\/ibmhconseils.com\/wp-content\/uploads\/2025\/05\/LOGO-IBMH-CONSEILS-BLANC_.png","contentUrl":"https:\/\/ibmhconseils.com\/wp-content\/uploads\/2025\/05\/LOGO-IBMH-CONSEILS-BLANC_.png","width":1829,"height":738,"caption":"IBMH Conseils"},"image":{"@id":"https:\/\/ibmhconseils.com\/#\/schema\/logo\/image\/"},"sameAs":["https:\/\/www.linkedin.com\/in\/ibmh-conseils-7508931b6\/"]}]}},"jetpack_sharing_enabled":true,"_links":{"self":[{"href":"https:\/\/ibmhconseils.com\/index.php\/wp-json\/wp\/v2\/pages\/3869","targetHints":{"allow":["GET"]}}],"collection":[{"href":"https:\/\/ibmhconseils.com\/index.php\/wp-json\/wp\/v2\/pages"}],"about":[{"href":"https:\/\/ibmhconseils.com\/index.php\/wp-json\/wp\/v2\/types\/page"}],"author":[{"embeddable":true,"href":"https:\/\/ibmhconseils.com\/index.php\/wp-json\/wp\/v2\/users\/2"}],"replies":[{"embeddable":true,"href":"https:\/\/ibmhconseils.com\/index.php\/wp-json\/wp\/v2\/comments?post=3869"}],"version-history":[{"count":16,"href":"https:\/\/ibmhconseils.com\/index.php\/wp-json\/wp\/v2\/pages\/3869\/revisions"}],"predecessor-version":[{"id":3985,"href":"https:\/\/ibmhconseils.com\/index.php\/wp-json\/wp\/v2\/pages\/3869\/revisions\/3985"}],"wp:attachment":[{"href":"https:\/\/ibmhconseils.com\/index.php\/wp-json\/wp\/v2\/media?parent=3869"}],"curies":[{"name":"wp","href":"https:\/\/api.w.org\/{rel}","templated":true}]}}