{"id":2651,"date":"2023-06-25T18:55:42","date_gmt":"2023-06-25T16:55:42","guid":{"rendered":"https:\/\/ibmhconseils.com\/?page_id=2651"},"modified":"2025-11-27T13:44:35","modified_gmt":"2025-11-27T12:44:35","slug":"formumaire_de_reclamation","status":"publish","type":"page","link":"https:\/\/ibmhconseils.com\/index.php\/formation-2\/formumaire_de_reclamation\/","title":{"rendered":"Formulaire de r\u00e9clamation"},"content":{"rendered":"\t\t<div data-elementor-type=\"wp-page\" data-elementor-id=\"2651\" class=\"elementor elementor-2651\" data-elementor-settings=\"{&quot;ha_cmc_init_switcher&quot;:&quot;no&quot;}\">\n\t\t\t\t\t\t<section class=\"elementor-section elementor-top-section elementor-element elementor-element-b5ed041 elementor-section-boxed elementor-section-height-default elementor-section-height-default wpr-particle-no wpr-jarallax-no wpr-parallax-no wpr-sticky-section-no wpr-equal-height-no\" data-id=\"b5ed041\" data-element_type=\"section\" data-e-type=\"section\" data-settings=\"{&quot;_ha_eqh_enable&quot;:false}\">\n\t\t\t\t\t\t<div class=\"elementor-container elementor-column-gap-default\">\n\t\t\t\t\t<div class=\"elementor-column elementor-col-100 elementor-top-column elementor-element elementor-element-74e4a5e\" data-id=\"74e4a5e\" data-element_type=\"column\" data-e-type=\"column\">\n\t\t\t<div class=\"elementor-widget-wrap elementor-element-populated\">\n\t\t\t\t\t\t<div class=\"elementor-element elementor-element-1174f3a elementor-widget elementor-widget-heading\" data-id=\"1174f3a\" data-element_type=\"widget\" data-e-type=\"widget\" data-widget_type=\"heading.default\">\n\t\t\t\t<div class=\"elementor-widget-container\">\n\t\t\t\t\t<h2 class=\"elementor-heading-title elementor-size-default\">Formulaire de R\u00e9clamation Formation<\/h2>\t\t\t\t<\/div>\n\t\t\t\t<\/div>\n\t\t\t\t<div class=\"elementor-element elementor-element-a3771d8 elementor-widget elementor-widget-everest-forms\" data-id=\"a3771d8\" data-element_type=\"widget\" data-e-type=\"widget\" data-widget_type=\"everest-forms.default\">\n\t\t\t\t<div class=\"elementor-widget-container\">\n\t\t\t\t\t\t\t\t<div class=\"everest-forms\"><div class=\"evf-container default\" id=\"evf-2647\"><form id=\"evf-form-2647\" class=\"everest-form\" data-formid=\"2647\" data-ajax_submission=\"0\" data-keyboard_friendly_form=\"0\" data-form_state_type=\"\" method=\"post\" enctype=\"multipart\/form-data\" action=\"\/index.php\/wp-json\/wp\/v2\/pages\/2651\"><div class=\"evf-field-container\"><input type=\"hidden\" id=\"_wpnonce2647\" name=\"_wpnonce2647\" value=\"acfe6ecadd\" \/><input type=\"hidden\" name=\"_wp_http_referer\" value=\"\/index.php\/wp-json\/wp\/v2\/pages\/2651\" \/><div class=\"evf-frontend-row\" data-row=\"row_1\" conditional_rules=\"[]\"><div class=\"evf-frontend-grid evf-grid-1\" data-grid=\"grid_1\"><div id=\"evf-2647-field_fullname-container\" class=\"evf-field evf-field-text form-row validate-required\" data-required-field-message=\"Ce champ est n\u00e9cessaire.\" data-field-id=\"fullname\"><label class=\"evf-field-label\" for=\"evf-2647-field_fullname\"><span class=\"evf-label\">Nom et pr\u00e9nom de la personne formulant la r\u00e9clamation<\/span> <abbr class=\"required\" title=\"N\u00e9cessaire\">*<\/abbr><\/label><input type=\"text\" id=\"evf-2647-field_fullname\" class=\"input-text\" name=\"everest_forms[form_fields][fullname]\" required><\/div><div id=\"evf-2647-field_Djd4WrwqBR-11-container\" class=\"evf-field evf-field-email form-row validate-required validate-email\" data-required-field-message=\"Veuillez entrer une adresse e-mail valide.\" data-field-id=\"Djd4WrwqBR-11\"><label class=\"evf-field-label\" for=\"evf-2647-field_Djd4WrwqBR-11\"><span class=\"evf-label\">E-mail<\/span> <abbr class=\"required\" title=\"N\u00e9cessaire\">*<\/abbr><\/label><input type=\"email\" id=\"evf-2647-field_Djd4WrwqBR-11\" class=\"input-text\" name=\"everest_forms[form_fields][Djd4WrwqBR-11]\" required ><\/div><div id=\"evf-2647-field_SWFHNNkHzY-1-container\" class=\"evf-field evf-field-first-name form-row validate-required\" data-required-field-message=\"Ce champ est n\u00e9cessaire.\" data-field-id=\"SWFHNNkHzY-1\"><label class=\"evf-field-label\" for=\"evf-2647-field_SWFHNNkHzY-1\"><span class=\"evf-label\">Soci\u00e9t\u00e9 - Nom et pr\u00e9nom de la personne directement concern\u00e9e par la r\u00e9clamation<\/span> <abbr class=\"required\" title=\"N\u00e9cessaire\">*<\/abbr><\/label><input type=\"text\" id=\"evf-2647-field_SWFHNNkHzY-1\" class=\"input-text\" name=\"everest_forms[form_fields][SWFHNNkHzY-1]\" required><\/div><div id=\"evf-2647-field_vIFpTQERcl-12-container\" class=\"evf-field evf-field-text form-row validate-required\" data-required-field-message=\"Ce champ est n\u00e9cessaire.\" data-field-id=\"vIFpTQERcl-12\"><label class=\"evf-field-label\" for=\"evf-2647-field_vIFpTQERcl-12\"><span class=\"evf-label\">Fonction exerc\u00e9e<\/span> <abbr class=\"required\" title=\"N\u00e9cessaire\">*<\/abbr><\/label><input type=\"text\" id=\"evf-2647-field_vIFpTQERcl-12\" class=\"input-text\" name=\"everest_forms[form_fields][vIFpTQERcl-12]\" required><\/div><div id=\"evf-2647-field_zeo9fqbxoy-2-container\" class=\"evf-field evf-field-email form-row validate-required validate-email\" data-required-field-message=\"Veuillez entrer une adresse e-mail valide.\" data-field-id=\"zeo9fqbxoy-2\"><label class=\"evf-field-label\" for=\"evf-2647-field_zeo9fqbxoy-2\"><span class=\"evf-label\">E-mail<\/span> <abbr class=\"required\" title=\"N\u00e9cessaire\">*<\/abbr><\/label><input type=\"email\" id=\"evf-2647-field_zeo9fqbxoy-2\" class=\"input-text\" name=\"everest_forms[form_fields][zeo9fqbxoy-2]\" required ><\/div><div id=\"evf-2647-field_vbHxnJl4pq-6-container\" class=\"evf-field evf-field-number form-row\" data-field-id=\"vbHxnJl4pq-6\"><label class=\"evf-field-label\" for=\"evf-2647-field_vbHxnJl4pq-6\"><span class=\"evf-label\">T\u00e9l\u00e9phone<\/span> <\/label><input type=\"number\" id=\"evf-2647-field_vbHxnJl4pq-6\" class=\"input-text\" name=\"everest_forms[form_fields][vbHxnJl4pq-6]\" \/><\/div><div id=\"evf-2647-field_mtZSMN2XG7-13-container\" class=\"evf-field evf-field-text form-row validate-required\" data-required-field-message=\"Ce champ est n\u00e9cessaire.\" data-field-id=\"mtZSMN2XG7-13\"><label class=\"evf-field-label\" for=\"evf-2647-field_mtZSMN2XG7-13\"><span class=\"evf-label\">Formation concern\u00e9e<\/span> <abbr class=\"required\" title=\"N\u00e9cessaire\">*<\/abbr><\/label><input type=\"text\" id=\"evf-2647-field_mtZSMN2XG7-13\" class=\"input-text\" name=\"everest_forms[form_fields][mtZSMN2XG7-13]\" required><\/div><div id=\"evf-2647-field_GX5od4afvM-14-container\" class=\"evf-field evf-field-date-time form-row validate-required\" data-required-field-message=\"Ce champ est n\u00e9cessaire.\" data-field-id=\"GX5od4afvM-14\"><label class=\"evf-field-label\" for=\"evf-2647-field_GX5od4afvM-14\"><span class=\"evf-label\">Date de la formation<\/span> <abbr class=\"required\" title=\"N\u00e9cessaire\">*<\/abbr><\/label><input type=\"text\" id=\"evf-2647-field_GX5od4afvM-14\" class=\"flatpickr-field input-text\" name=\"everest_forms[form_fields][GX5od4afvM-14]\" data-time-interval=\"15\" data-date-time=\"date\" data-mode=\"single\" data-locale=\"en\" data-date-format=\"Y-m-d\" required ><\/div><div id=\"evf-2647-field_PnQTOP0OAa-10-container\" class=\"evf-field evf-field-text form-row validate-required\" data-required-field-message=\"Ce champ est n\u00e9cessaire.\" data-field-id=\"PnQTOP0OAa-10\"><label class=\"evf-field-label\" for=\"evf-2647-field_PnQTOP0OAa-10\"><span class=\"evf-label\">Objet pr\u00e9cis de la r\u00e9clamation<\/span> <abbr class=\"required\" title=\"N\u00e9cessaire\">*<\/abbr><\/label><input type=\"text\" id=\"evf-2647-field_PnQTOP0OAa-10\" class=\"input-text\" name=\"everest_forms[form_fields][PnQTOP0OAa-10]\" required><\/div><div id=\"evf-2647-field_message-container\" class=\"evf-field evf-field-textarea form-row validate-required\" data-required-field-message=\"Ce champ est n\u00e9cessaire.\" data-field-id=\"message\"><label class=\"evf-field-label\" for=\"evf-2647-field_message\"><span class=\"evf-label\">Description explicite de la r\u00e9clamation (dysfonctionnement identifi\u00e9, date, lieu, intervenants, conditions \u00e9ventuelles de survenue du dysfonctionnement, etc.)<\/span> <abbr class=\"required\" title=\"N\u00e9cessaire\">*<\/abbr><\/label><textarea id=\"evf-2647-field_message\" class=\"input-text\" name=\"everest_forms[form_fields][message]\" required ><\/textarea><\/div><div id=\"evf-2647-field_Y6m4tt4weK-8-container\" class=\"evf-field evf-field-checkbox form-row\" data-field-id=\"Y6m4tt4weK-8\"><label class=\"evf-field-label\" for=\"evf-2647-field_Y6m4tt4weK-8\"><span class=\"evf-label\">En soumettant ce formulaire, vous acceptez le traitement de vos donn\u00e9es personnelles. En cas de questions ou demandes relatives \u00e0 l\u2019utilisation et\/ou aux traitements de donn\u00e9es personnelles vous pouvez contacter le d\u00e9l\u00e9gu\u00e9 \u00e0 la protection des donn\u00e9es \u00e0 l\u2019adresse suivante : gestion@ibmhconseils.com<\/span> <\/label><ul id=\"evf-2647-field_Y6m4tt4weK-8\"><li class=\"choice-1 depth-1\"><input type=\"checkbox\" id=\"evf-2647-field_Y6m4tt4weK-8_1\" class=\"input-text\" name=\"everest_forms[form_fields][Y6m4tt4weK-8][]\" value=\"J&#039;accepte le traitement des donn\u00e9es informatis\u00e9es\"  ><label class=\"everest-forms-field-label-inline\" for=\"evf-2647-field_Y6m4tt4weK-8_1\">J'accepte le traitement des donn\u00e9es informatis\u00e9es<\/label><\/li><\/ul><\/div><\/div><\/div><\/div><div class=\"evf-honeypot-container evf-field-hp\"><label for=\"evf-2647-field-hp\" class=\"evf-field-label\">Message<\/label><input type=\"text\" name=\"everest_forms[hp]\" id=\"evf-2647-field-hp\" class=\"input-text\"><\/div><div class=\"evf-submit-container \" ><input type=\"hidden\" name=\"everest_forms[id]\" value=\"2647\"><input type=\"hidden\" name=\"everest_forms[author]\" value=\"1\"><button type='submit' name='everest_forms[submit]' class='everest-forms-submit-button button evf-submit ' id='evf-submit-2647' value='evf-submit' data-process-text=\"En cours d&#039;envoi.....\" conditional_rules='&quot;&quot;' conditional_id='evf-submit-2647'  id=\"evf-submit-2647\" aria-live=\"assertive\">Envoi du formulaire<\/button><\/div><\/form><\/div><!-- .evf-container --><\/div>\t\t\t\t\t\t<\/div>\n\t\t\t\t<\/div>\n\t\t\t\t\t<\/div>\n\t\t<\/div>\n\t\t\t\t\t<\/div>\n\t\t<\/section>\n\t\t\t\t<\/div>\n\t\t","protected":false},"excerpt":{"rendered":"<p>Formulaire de R\u00e9clamation Formation Nom et pr\u00e9nom de la personne formulant la r\u00e9clamation *E-mail *Soci\u00e9t\u00e9 &#8211; Nom et pr\u00e9nom de la personne directement concern\u00e9e par la r\u00e9clamation *Fonction exerc\u00e9e *E-mail *T\u00e9l\u00e9phone Formation concern\u00e9e *Date de la formation *Objet pr\u00e9cis de la r\u00e9clamation *Description explicite de la r\u00e9clamation (dysfonctionnement identifi\u00e9, date, lieu, intervenants, conditions \u00e9ventuelles de survenue du dysfonctionnement, etc.) *En soumettant ce formulaire, vous acceptez le traitement de vos donn\u00e9es personnelles. En cas de questions ou demandes relatives \u00e0 l\u2019utilisation et\/ou aux traitements de donn\u00e9es personnelles vous pouvez contacter le d\u00e9l\u00e9gu\u00e9 \u00e0 la protection des donn\u00e9es \u00e0 l\u2019adresse suivante : gestion@ibmhconseils.com J&rsquo;accepte le traitement des donn\u00e9es informatis\u00e9es PhoneEnvoi du formulaire<\/p>\n","protected":false},"author":1,"featured_media":0,"parent":1647,"menu_order":0,"comment_status":"closed","ping_status":"closed","template":"","meta":{"site-sidebar-layout":"no-sidebar","site-content-layout":"page-builder","ast-site-content-layout":"default","site-content-style":"default","site-sidebar-style":"default","ast-global-header-display":"","ast-banner-title-visibility":"","ast-main-header-display":"","ast-hfb-above-header-display":"","ast-hfb-below-header-display":"","ast-hfb-mobile-header-display":"","site-post-title":"disabled","ast-breadcrumbs-content":"","ast-featured-img":"disabled","footer-sml-layout":"","ast-disable-related-posts":"","theme-transparent-header-meta":"","adv-header-id-meta":"","stick-header-meta":"","header-above-stick-meta":"","header-main-stick-meta":"","header-below-stick-meta":"","astra-migrate-meta-layouts":"default","ast-page-background-enabled":"default","ast-page-background-meta":{"desktop":{"background-color":"","background-image":"","background-repeat":"repeat","background-position":"center center","background-size":"auto","background-attachment":"scroll","background-type":"","background-media":"","overlay-type":"","overlay-color":"","overlay-opacity":"","overlay-gradient":""},"tablet":{"background-color":"","background-image":"","background-repeat":"repeat","background-position":"center center","background-size":"auto","background-attachment":"scroll","background-type":"","background-media":"","overlay-type":"","overlay-color":"","overlay-opacity":"","overlay-gradient":""},"mobile":{"background-color":"","background-image":"","background-repeat":"repeat","background-position":"center center","background-size":"auto","background-attachment":"scroll","background-type":"","background-media":"","overlay-type":"","overlay-color":"","overlay-opacity":"","overlay-gradient":""}},"ast-content-background-meta":{"desktop":{"background-color":"var(--ast-global-color-5)","background-image":"","background-repeat":"repeat","background-position":"center center","background-size":"auto","background-attachment":"scroll","background-type":"","background-media":"","overlay-type":"","overlay-color":"","overlay-opacity":"","overlay-gradient":""},"tablet":{"background-color":"var(--ast-global-color-5)","background-image":"","background-repeat":"repeat","background-position":"center center","background-size":"auto","background-attachment":"scroll","background-type":"","background-media":"","overlay-type":"","overlay-color":"","overlay-opacity":"","overlay-gradient":""},"mobile":{"background-color":"var(--ast-global-color-5)","background-image":"","background-repeat":"repeat","background-position":"center center","background-size":"auto","background-attachment":"scroll","background-type":"","background-media":"","overlay-type":"","overlay-color":"","overlay-opacity":"","overlay-gradient":""}},"footnotes":""},"class_list":["post-2651","page","type-page","status-publish","hentry"],"yoast_head":"<!-- This site is optimized with the Yoast SEO plugin v27.4 - https:\/\/yoast.com\/product\/yoast-seo-wordpress\/ -->\n<title>Formulaire de r\u00e9clamation - IBMH Conseils<\/title>\n<meta name=\"robots\" content=\"index, follow, max-snippet:-1, max-image-preview:large, max-video-preview:-1\" \/>\n<link rel=\"canonical\" href=\"https:\/\/ibmhconseils.com\/index.php\/formation-2\/formumaire_de_reclamation\/\" \/>\n<meta property=\"og:locale\" content=\"fr_FR\" \/>\n<meta property=\"og:type\" content=\"article\" \/>\n<meta property=\"og:title\" content=\"Formulaire de r\u00e9clamation - IBMH Conseils\" \/>\n<meta property=\"og:description\" content=\"Formulaire de R\u00e9clamation Formation Nom et pr\u00e9nom de la personne formulant la r\u00e9clamation *E-mail *Soci\u00e9t\u00e9 &#8211; Nom et pr\u00e9nom de la personne directement concern\u00e9e par la r\u00e9clamation *Fonction exerc\u00e9e *E-mail *T\u00e9l\u00e9phone Formation concern\u00e9e *Date de la formation *Objet pr\u00e9cis de la r\u00e9clamation *Description explicite de la r\u00e9clamation (dysfonctionnement identifi\u00e9, date, lieu, intervenants, conditions \u00e9ventuelles de survenue du dysfonctionnement, etc.) *En soumettant ce formulaire, vous acceptez le traitement de vos donn\u00e9es personnelles. En cas de questions ou demandes relatives \u00e0 l\u2019utilisation et\/ou aux traitements de donn\u00e9es personnelles vous pouvez contacter le d\u00e9l\u00e9gu\u00e9 \u00e0 la protection des donn\u00e9es \u00e0 l\u2019adresse suivante : gestion@ibmhconseils.com J&rsquo;accepte le traitement des donn\u00e9es informatis\u00e9es PhoneEnvoi du formulaire\" \/>\n<meta property=\"og:url\" content=\"https:\/\/ibmhconseils.com\/index.php\/formation-2\/formumaire_de_reclamation\/\" \/>\n<meta property=\"og:site_name\" content=\"IBMH Conseils\" \/>\n<meta property=\"article:modified_time\" content=\"2025-11-27T12:44:35+00:00\" \/>\n<meta name=\"twitter:card\" content=\"summary_large_image\" \/>\n<meta name=\"twitter:label1\" content=\"Dur\u00e9e de lecture estim\u00e9e\" \/>\n\t<meta name=\"twitter:data1\" content=\"1 minute\" \/>\n<script type=\"application\/ld+json\" class=\"yoast-schema-graph\">{\"@context\":\"https:\\\/\\\/schema.org\",\"@graph\":[{\"@type\":\"WebPage\",\"@id\":\"https:\\\/\\\/ibmhconseils.com\\\/index.php\\\/formation-2\\\/formumaire_de_reclamation\\\/\",\"url\":\"https:\\\/\\\/ibmhconseils.com\\\/index.php\\\/formation-2\\\/formumaire_de_reclamation\\\/\",\"name\":\"Formulaire de r\u00e9clamation - IBMH Conseils\",\"isPartOf\":{\"@id\":\"https:\\\/\\\/ibmhconseils.com\\\/#website\"},\"datePublished\":\"2023-06-25T16:55:42+00:00\",\"dateModified\":\"2025-11-27T12:44:35+00:00\",\"breadcrumb\":{\"@id\":\"https:\\\/\\\/ibmhconseils.com\\\/index.php\\\/formation-2\\\/formumaire_de_reclamation\\\/#breadcrumb\"},\"inLanguage\":\"fr-FR\",\"potentialAction\":[{\"@type\":\"ReadAction\",\"target\":[\"https:\\\/\\\/ibmhconseils.com\\\/index.php\\\/formation-2\\\/formumaire_de_reclamation\\\/\"]}]},{\"@type\":\"BreadcrumbList\",\"@id\":\"https:\\\/\\\/ibmhconseils.com\\\/index.php\\\/formation-2\\\/formumaire_de_reclamation\\\/#breadcrumb\",\"itemListElement\":[{\"@type\":\"ListItem\",\"position\":1,\"name\":\"Accueil\",\"item\":\"https:\\\/\\\/ibmhconseils.com\\\/\"},{\"@type\":\"ListItem\",\"position\":2,\"name\":\"Formation\",\"item\":\"https:\\\/\\\/ibmhconseils.com\\\/index.php\\\/formation-2\\\/\"},{\"@type\":\"ListItem\",\"position\":3,\"name\":\"Formulaire de r\u00e9clamation\"}]},{\"@type\":\"WebSite\",\"@id\":\"https:\\\/\\\/ibmhconseils.com\\\/#website\",\"url\":\"https:\\\/\\\/ibmhconseils.com\\\/\",\"name\":\"IBMH Conseils\",\"description\":\"Collaborez avec des professionnels sp\u00e9cialis\u00e9s dans vos domaines d\u2019activit\u00e9s\",\"publisher\":{\"@id\":\"https:\\\/\\\/ibmhconseils.com\\\/#organization\"},\"potentialAction\":[{\"@type\":\"SearchAction\",\"target\":{\"@type\":\"EntryPoint\",\"urlTemplate\":\"https:\\\/\\\/ibmhconseils.com\\\/?s={search_term_string}\"},\"query-input\":{\"@type\":\"PropertyValueSpecification\",\"valueRequired\":true,\"valueName\":\"search_term_string\"}}],\"inLanguage\":\"fr-FR\"},{\"@type\":\"Organization\",\"@id\":\"https:\\\/\\\/ibmhconseils.com\\\/#organization\",\"name\":\"IBMH Conseils\",\"url\":\"https:\\\/\\\/ibmhconseils.com\\\/\",\"logo\":{\"@type\":\"ImageObject\",\"inLanguage\":\"fr-FR\",\"@id\":\"https:\\\/\\\/ibmhconseils.com\\\/#\\\/schema\\\/logo\\\/image\\\/\",\"url\":\"https:\\\/\\\/ibmhconseils.com\\\/wp-content\\\/uploads\\\/2025\\\/05\\\/LOGO-IBMH-CONSEILS-BLANC_.png\",\"contentUrl\":\"https:\\\/\\\/ibmhconseils.com\\\/wp-content\\\/uploads\\\/2025\\\/05\\\/LOGO-IBMH-CONSEILS-BLANC_.png\",\"width\":1829,\"height\":738,\"caption\":\"IBMH Conseils\"},\"image\":{\"@id\":\"https:\\\/\\\/ibmhconseils.com\\\/#\\\/schema\\\/logo\\\/image\\\/\"},\"sameAs\":[\"https:\\\/\\\/www.linkedin.com\\\/in\\\/ibmh-conseils-7508931b6\\\/\"]}]}<\/script>\n<!-- \/ Yoast SEO plugin. -->","yoast_head_json":{"title":"Formulaire de r\u00e9clamation - IBMH Conseils","robots":{"index":"index","follow":"follow","max-snippet":"max-snippet:-1","max-image-preview":"max-image-preview:large","max-video-preview":"max-video-preview:-1"},"canonical":"https:\/\/ibmhconseils.com\/index.php\/formation-2\/formumaire_de_reclamation\/","og_locale":"fr_FR","og_type":"article","og_title":"Formulaire de r\u00e9clamation - IBMH Conseils","og_description":"Formulaire de R\u00e9clamation Formation Nom et pr\u00e9nom de la personne formulant la r\u00e9clamation *E-mail *Soci\u00e9t\u00e9 &#8211; Nom et pr\u00e9nom de la personne directement concern\u00e9e par la r\u00e9clamation *Fonction exerc\u00e9e *E-mail *T\u00e9l\u00e9phone Formation concern\u00e9e *Date de la formation *Objet pr\u00e9cis de la r\u00e9clamation *Description explicite de la r\u00e9clamation (dysfonctionnement identifi\u00e9, date, lieu, intervenants, conditions \u00e9ventuelles de survenue du dysfonctionnement, etc.) *En soumettant ce formulaire, vous acceptez le traitement de vos donn\u00e9es personnelles. En cas de questions ou demandes relatives \u00e0 l\u2019utilisation et\/ou aux traitements de donn\u00e9es personnelles vous pouvez contacter le d\u00e9l\u00e9gu\u00e9 \u00e0 la protection des donn\u00e9es \u00e0 l\u2019adresse suivante : gestion@ibmhconseils.com J&rsquo;accepte le traitement des donn\u00e9es informatis\u00e9es PhoneEnvoi du formulaire","og_url":"https:\/\/ibmhconseils.com\/index.php\/formation-2\/formumaire_de_reclamation\/","og_site_name":"IBMH Conseils","article_modified_time":"2025-11-27T12:44:35+00:00","twitter_card":"summary_large_image","twitter_misc":{"Dur\u00e9e de lecture estim\u00e9e":"1 minute"},"schema":{"@context":"https:\/\/schema.org","@graph":[{"@type":"WebPage","@id":"https:\/\/ibmhconseils.com\/index.php\/formation-2\/formumaire_de_reclamation\/","url":"https:\/\/ibmhconseils.com\/index.php\/formation-2\/formumaire_de_reclamation\/","name":"Formulaire de r\u00e9clamation - IBMH Conseils","isPartOf":{"@id":"https:\/\/ibmhconseils.com\/#website"},"datePublished":"2023-06-25T16:55:42+00:00","dateModified":"2025-11-27T12:44:35+00:00","breadcrumb":{"@id":"https:\/\/ibmhconseils.com\/index.php\/formation-2\/formumaire_de_reclamation\/#breadcrumb"},"inLanguage":"fr-FR","potentialAction":[{"@type":"ReadAction","target":["https:\/\/ibmhconseils.com\/index.php\/formation-2\/formumaire_de_reclamation\/"]}]},{"@type":"BreadcrumbList","@id":"https:\/\/ibmhconseils.com\/index.php\/formation-2\/formumaire_de_reclamation\/#breadcrumb","itemListElement":[{"@type":"ListItem","position":1,"name":"Accueil","item":"https:\/\/ibmhconseils.com\/"},{"@type":"ListItem","position":2,"name":"Formation","item":"https:\/\/ibmhconseils.com\/index.php\/formation-2\/"},{"@type":"ListItem","position":3,"name":"Formulaire de r\u00e9clamation"}]},{"@type":"WebSite","@id":"https:\/\/ibmhconseils.com\/#website","url":"https:\/\/ibmhconseils.com\/","name":"IBMH Conseils","description":"Collaborez avec des professionnels sp\u00e9cialis\u00e9s dans vos domaines d\u2019activit\u00e9s","publisher":{"@id":"https:\/\/ibmhconseils.com\/#organization"},"potentialAction":[{"@type":"SearchAction","target":{"@type":"EntryPoint","urlTemplate":"https:\/\/ibmhconseils.com\/?s={search_term_string}"},"query-input":{"@type":"PropertyValueSpecification","valueRequired":true,"valueName":"search_term_string"}}],"inLanguage":"fr-FR"},{"@type":"Organization","@id":"https:\/\/ibmhconseils.com\/#organization","name":"IBMH Conseils","url":"https:\/\/ibmhconseils.com\/","logo":{"@type":"ImageObject","inLanguage":"fr-FR","@id":"https:\/\/ibmhconseils.com\/#\/schema\/logo\/image\/","url":"https:\/\/ibmhconseils.com\/wp-content\/uploads\/2025\/05\/LOGO-IBMH-CONSEILS-BLANC_.png","contentUrl":"https:\/\/ibmhconseils.com\/wp-content\/uploads\/2025\/05\/LOGO-IBMH-CONSEILS-BLANC_.png","width":1829,"height":738,"caption":"IBMH Conseils"},"image":{"@id":"https:\/\/ibmhconseils.com\/#\/schema\/logo\/image\/"},"sameAs":["https:\/\/www.linkedin.com\/in\/ibmh-conseils-7508931b6\/"]}]}},"jetpack_sharing_enabled":true,"_links":{"self":[{"href":"https:\/\/ibmhconseils.com\/index.php\/wp-json\/wp\/v2\/pages\/2651","targetHints":{"allow":["GET"]}}],"collection":[{"href":"https:\/\/ibmhconseils.com\/index.php\/wp-json\/wp\/v2\/pages"}],"about":[{"href":"https:\/\/ibmhconseils.com\/index.php\/wp-json\/wp\/v2\/types\/page"}],"author":[{"embeddable":true,"href":"https:\/\/ibmhconseils.com\/index.php\/wp-json\/wp\/v2\/users\/1"}],"replies":[{"embeddable":true,"href":"https:\/\/ibmhconseils.com\/index.php\/wp-json\/wp\/v2\/comments?post=2651"}],"version-history":[{"count":7,"href":"https:\/\/ibmhconseils.com\/index.php\/wp-json\/wp\/v2\/pages\/2651\/revisions"}],"predecessor-version":[{"id":4373,"href":"https:\/\/ibmhconseils.com\/index.php\/wp-json\/wp\/v2\/pages\/2651\/revisions\/4373"}],"up":[{"embeddable":true,"href":"https:\/\/ibmhconseils.com\/index.php\/wp-json\/wp\/v2\/pages\/1647"}],"wp:attachment":[{"href":"https:\/\/ibmhconseils.com\/index.php\/wp-json\/wp\/v2\/media?parent=2651"}],"curies":[{"name":"wp","href":"https:\/\/api.w.org\/{rel}","templated":true}]}}