{"id":2388,"date":"2023-05-15T16:14:09","date_gmt":"2023-05-15T14:14:09","guid":{"rendered":"https:\/\/ibmhconseils.com\/?page_id=2388"},"modified":"2023-05-18T12:16:22","modified_gmt":"2023-05-18T10:16:22","slug":"proprete-industrie","status":"publish","type":"page","link":"https:\/\/ibmhconseils.com\/index.php\/proprete-industrie\/","title":{"rendered":"Propret\u00e9 &#8211; Industrie"},"content":{"rendered":"\t\t<div data-elementor-type=\"wp-page\" data-elementor-id=\"2388\" class=\"elementor elementor-2388\" data-elementor-settings=\"{&quot;ha_cmc_init_switcher&quot;:&quot;no&quot;}\">\n\t\t\t\t\t\t<section class=\"elementor-section elementor-top-section elementor-element elementor-element-43595c7 elementor-section-boxed elementor-section-height-default elementor-section-height-default wpr-particle-no wpr-jarallax-no wpr-parallax-no wpr-sticky-section-no wpr-equal-height-no\" data-id=\"43595c7\" data-element_type=\"section\" data-e-type=\"section\" data-settings=\"{&quot;_ha_eqh_enable&quot;:false}\">\n\t\t\t\t\t\t<div class=\"elementor-container elementor-column-gap-default\">\n\t\t\t\t\t<div class=\"elementor-column elementor-col-100 elementor-top-column elementor-element elementor-element-175fb18\" data-id=\"175fb18\" data-element_type=\"column\" data-e-type=\"column\">\n\t\t\t<div class=\"elementor-widget-wrap elementor-element-populated\">\n\t\t\t\t\t\t<div class=\"elementor-element elementor-element-ec8a18f elementor-widget__width-initial elementor-widget elementor-widget-image\" data-id=\"ec8a18f\" data-element_type=\"widget\" data-e-type=\"widget\" data-widget_type=\"image.default\">\n\t\t\t\t<div class=\"elementor-widget-container\">\n\t\t\t\t\t\t\t\t\t\t\t\t\t\t\t<img fetchpriority=\"high\" decoding=\"async\" width=\"1714\" height=\"2009\" src=\"https:\/\/ibmhconseils.com\/wp-content\/uploads\/2023\/05\/pexels-pixabay-209271-scaled-e1683356827590.jpg\" class=\"attachment-full size-full wp-image-1931\" alt=\"\" srcset=\"https:\/\/ibmhconseils.com\/wp-content\/uploads\/2023\/05\/pexels-pixabay-209271-scaled-e1683356827590.jpg 1714w, https:\/\/ibmhconseils.com\/wp-content\/uploads\/2023\/05\/pexels-pixabay-209271-scaled-e1683356827590-256x300.jpg 256w, https:\/\/ibmhconseils.com\/wp-content\/uploads\/2023\/05\/pexels-pixabay-209271-scaled-e1683356827590-874x1024.jpg 874w, https:\/\/ibmhconseils.com\/wp-content\/uploads\/2023\/05\/pexels-pixabay-209271-scaled-e1683356827590-768x900.jpg 768w, https:\/\/ibmhconseils.com\/wp-content\/uploads\/2023\/05\/pexels-pixabay-209271-scaled-e1683356827590-1310x1536.jpg 1310w\" sizes=\"(max-width: 1714px) 100vw, 1714px\" \/>\t\t\t\t\t\t\t\t\t\t\t\t\t\t\t<\/div>\n\t\t\t\t<\/div>\n\t\t\t\t<div class=\"elementor-element elementor-element-9a5fc24 elementor-absolute ha-has-bg-overlay elementor-widget elementor-widget-heading\" data-id=\"9a5fc24\" data-element_type=\"widget\" data-e-type=\"widget\" data-settings=\"{&quot;_position&quot;:&quot;absolute&quot;}\" data-widget_type=\"heading.default\">\n\t\t\t\t<div class=\"elementor-widget-container\">\n\t\t\t\t\t<h1 class=\"elementor-heading-title elementor-size-default\">Industrie<\/h1>\t\t\t\t<\/div>\n\t\t\t\t<\/div>\n\t\t\t\t<div class=\"elementor-element elementor-element-6c28545 elementor-widget-divider--view-line elementor-widget elementor-widget-divider\" data-id=\"6c28545\" data-element_type=\"widget\" data-e-type=\"widget\" data-widget_type=\"divider.default\">\n\t\t\t\t<div class=\"elementor-widget-container\">\n\t\t\t\t\t\t\t<div class=\"elementor-divider\">\n\t\t\t<span class=\"elementor-divider-separator\">\n\t\t\t\t\t\t<\/span>\n\t\t<\/div>\n\t\t\t\t\t\t<\/div>\n\t\t\t\t<\/div>\n\t\t\t\t<div class=\"elementor-element elementor-element-d44329c elementor-widget elementor-widget-text-editor\" data-id=\"d44329c\" data-element_type=\"widget\" data-e-type=\"widget\" data-widget_type=\"text-editor.default\">\n\t\t\t\t<div class=\"elementor-widget-container\">\n\t\t\t\t\t\t\t\t\t<h4><b>IBMH Conseils <\/b>propose des solutions de <b>proc\u00e9dure de nettoyage industriel<\/b> adapt\u00e9es \u00e0 votre secteur.<\/h4><h4>Que vous interveniez dans le secteur de l\u2019automobile, de la logistique ou de la manutention, du transport, de la cimenterie ou de la fonderie, de la m\u00e9canique, de la p\u00e9trochimie, de la m\u00e9tallurgie, ou de la sid\u00e9rurgie\u2026 nous vous proposons de vous accompagner pour composer votre<b> solution sur mesure <\/b>parmi notre <b>large gamme de prestations.<\/b><\/h4><h4>Les interventions sont r\u00e9alis\u00e9es par des <b>\u00e9quipes de nettoyage exp\u00e9riment\u00e9es<\/b> et dot\u00e9es d&rsquo;un mat\u00e9riel de nettoyage industriel adapt\u00e9.<\/h4><ul><li><h4><b>Entretien des lignes de production<\/b> : nettoyage de machine industrielle de production, des carters et\/ou des int\u00e9rieurs, aspiration de poussi\u00e8res sp\u00e9cifiques et gros volumes, nettoyage \u00e0 haute pression, aspiration de bacs de r\u00e9tention d\u2019huiles.<\/h4><\/li><li><h4>Nettoyage industriel par<b> cryog\u00e9nie<\/b> (projection de glace carbonique).<\/h4><\/li><\/ul>\t\t\t\t\t\t\t\t<\/div>\n\t\t\t\t<\/div>\n\t\t\t\t\t<\/div>\n\t\t<\/div>\n\t\t\t\t\t<\/div>\n\t\t<\/section>\n\t\t\t\t<section class=\"elementor-section elementor-top-section elementor-element elementor-element-09eed5b elementor-section-boxed elementor-section-height-default elementor-section-height-default wpr-particle-no wpr-jarallax-no wpr-parallax-no wpr-sticky-section-no wpr-equal-height-no\" data-id=\"09eed5b\" data-element_type=\"section\" data-e-type=\"section\" data-settings=\"{&quot;_ha_eqh_enable&quot;:false}\">\n\t\t\t\t\t\t<div class=\"elementor-container elementor-column-gap-default\">\n\t\t\t\t\t<div class=\"elementor-column elementor-col-100 elementor-top-column elementor-element elementor-element-43691ec\" data-id=\"43691ec\" data-element_type=\"column\" data-e-type=\"column\">\n\t\t\t<div class=\"elementor-widget-wrap elementor-element-populated\">\n\t\t\t\t\t\t<div class=\"elementor-element elementor-element-372626f elementor-widget-divider--view-line elementor-widget elementor-widget-divider\" data-id=\"372626f\" data-element_type=\"widget\" data-e-type=\"widget\" data-widget_type=\"divider.default\">\n\t\t\t\t<div class=\"elementor-widget-container\">\n\t\t\t\t\t\t\t<div class=\"elementor-divider\">\n\t\t\t<span class=\"elementor-divider-separator\">\n\t\t\t\t\t\t<\/span>\n\t\t<\/div>\n\t\t\t\t\t\t<\/div>\n\t\t\t\t<\/div>\n\t\t\t\t\t<\/div>\n\t\t<\/div>\n\t\t\t\t\t<\/div>\n\t\t<\/section>\n\t\t\t\t<section class=\"elementor-section elementor-top-section elementor-element elementor-element-b161c96 elementor-section-boxed elementor-section-height-default elementor-section-height-default wpr-particle-no wpr-jarallax-no wpr-parallax-no wpr-sticky-section-no wpr-equal-height-no\" data-id=\"b161c96\" data-element_type=\"section\" data-e-type=\"section\" data-settings=\"{&quot;_ha_eqh_enable&quot;:false}\">\n\t\t\t\t\t\t<div class=\"elementor-container elementor-column-gap-default\">\n\t\t\t\t\t<div class=\"elementor-column elementor-col-100 elementor-top-column elementor-element elementor-element-43cbe77\" data-id=\"43cbe77\" data-element_type=\"column\" data-e-type=\"column\">\n\t\t\t<div class=\"elementor-widget-wrap elementor-element-populated\">\n\t\t\t\t\t\t<section class=\"elementor-section elementor-inner-section elementor-element elementor-element-9073d46 elementor-section-full_width elementor-section-height-default elementor-section-height-default wpr-particle-no wpr-jarallax-no wpr-parallax-no wpr-sticky-section-no wpr-equal-height-no\" data-id=\"9073d46\" data-element_type=\"section\" data-e-type=\"section\" data-settings=\"{&quot;_ha_eqh_enable&quot;:false}\">\n\t\t\t\t\t\t<div class=\"elementor-container elementor-column-gap-default\">\n\t\t\t\t\t<div class=\"elementor-column elementor-col-100 elementor-inner-column elementor-element elementor-element-98479f0\" data-id=\"98479f0\" data-element_type=\"column\" data-e-type=\"column\">\n\t\t\t<div class=\"elementor-widget-wrap elementor-element-populated\">\n\t\t\t\t\t\t<div class=\"elementor-element elementor-element-b535278 elementor-widget elementor-widget-heading\" data-id=\"b535278\" data-element_type=\"widget\" data-e-type=\"widget\" data-widget_type=\"heading.default\">\n\t\t\t\t<div class=\"elementor-widget-container\">\n\t\t\t\t\t<h3 class=\"elementor-heading-title elementor-size-default\">Une question ? Un besoin ?<\/h3>\t\t\t\t<\/div>\n\t\t\t\t<\/div>\n\t\t\t\t<div class=\"elementor-element elementor-element-dd199eb elementor-align-center elementor-widget elementor-widget-button\" data-id=\"dd199eb\" data-element_type=\"widget\" data-e-type=\"widget\" data-widget_type=\"button.default\">\n\t\t\t\t<div class=\"elementor-widget-container\">\n\t\t\t\t\t\t\t\t\t<div class=\"elementor-button-wrapper\">\n\t\t\t\t\t<a class=\"elementor-button elementor-button-link elementor-size-lg elementor-animation-shrink\" href=\"https:\/\/ibmhconseils.com\/index.php\/formulaire-de-contact-formation\/\">\n\t\t\t\t\t\t<span class=\"elementor-button-content-wrapper\">\n\t\t\t\t\t\t<span class=\"elementor-button-icon\">\n\t\t\t\t<i aria-hidden=\"true\" class=\"far fa-edit\"><\/i>\t\t\t<\/span>\n\t\t\t\t\t\t\t\t\t<span class=\"elementor-button-text\">Contactez-nous<\/span>\n\t\t\t\t\t<\/span>\n\t\t\t\t\t<\/a>\n\t\t\t\t<\/div>\n\t\t\t\t\t\t\t\t<\/div>\n\t\t\t\t<\/div>\n\t\t\t\t\t<\/div>\n\t\t<\/div>\n\t\t\t\t\t<\/div>\n\t\t<\/section>\n\t\t\t\t<div class=\"elementor-element elementor-element-858fc80 elementor-widget elementor-widget-spacer\" data-id=\"858fc80\" data-element_type=\"widget\" data-e-type=\"widget\" data-widget_type=\"spacer.default\">\n\t\t\t\t<div class=\"elementor-widget-container\">\n\t\t\t\t\t\t\t<div class=\"elementor-spacer\">\n\t\t\t<div class=\"elementor-spacer-inner\"><\/div>\n\t\t<\/div>\n\t\t\t\t\t\t<\/div>\n\t\t\t\t<\/div>\n\t\t\t\t\t<\/div>\n\t\t<\/div>\n\t\t\t\t\t<\/div>\n\t\t<\/section>\n\t\t\t\t<\/div>\n\t\t","protected":false},"excerpt":{"rendered":"<p>Industrie IBMH Conseils propose des solutions de proc\u00e9dure de nettoyage industriel adapt\u00e9es \u00e0 votre secteur. Que vous interveniez dans le secteur de l\u2019automobile, de la logistique ou de la manutention, du transport, de la cimenterie ou de la fonderie, de la m\u00e9canique, de la p\u00e9trochimie, de la m\u00e9tallurgie, ou de la sid\u00e9rurgie\u2026 nous vous proposons de vous accompagner pour composer votre solution sur mesure parmi notre large gamme de prestations. Les interventions sont r\u00e9alis\u00e9es par des \u00e9quipes de nettoyage exp\u00e9riment\u00e9es et dot\u00e9es d&rsquo;un mat\u00e9riel de nettoyage industriel adapt\u00e9. Entretien des lignes de production : nettoyage de machine industrielle de production, des carters et\/ou des int\u00e9rieurs, aspiration de poussi\u00e8res sp\u00e9cifiques et gros volumes, nettoyage \u00e0 haute pression, aspiration de bacs de r\u00e9tention d\u2019huiles. Nettoyage industriel par cryog\u00e9nie (projection de glace carbonique). Une question ? Un besoin ? Contactez-nous<\/p>\n","protected":false},"author":1,"featured_media":0,"parent":0,"menu_order":0,"comment_status":"closed","ping_status":"closed","template":"","meta":{"site-sidebar-layout":"no-sidebar","site-content-layout":"page-builder","ast-site-content-layout":"default","site-content-style":"default","site-sidebar-style":"default","ast-global-header-display":"","ast-banner-title-visibility":"","ast-main-header-display":"","ast-hfb-above-header-display":"","ast-hfb-below-header-display":"","ast-hfb-mobile-header-display":"","site-post-title":"disabled","ast-breadcrumbs-content":"","ast-featured-img":"disabled","footer-sml-layout":"","ast-disable-related-posts":"","theme-transparent-header-meta":"","adv-header-id-meta":"","stick-header-meta":"","header-above-stick-meta":"","header-main-stick-meta":"","header-below-stick-meta":"","astra-migrate-meta-layouts":"default","ast-page-background-enabled":"default","ast-page-background-meta":{"desktop":{"background-color":"","background-image":"","background-repeat":"repeat","background-position":"center center","background-size":"auto","background-attachment":"scroll","background-type":"","background-media":"","overlay-type":"","overlay-color":"","overlay-opacity":"","overlay-gradient":""},"tablet":{"background-color":"","background-image":"","background-repeat":"repeat","background-position":"center center","background-size":"auto","background-attachment":"scroll","background-type":"","background-media":"","overlay-type":"","overlay-color":"","overlay-opacity":"","overlay-gradient":""},"mobile":{"background-color":"","background-image":"","background-repeat":"repeat","background-position":"center center","background-size":"auto","background-attachment":"scroll","background-type":"","background-media":"","overlay-type":"","overlay-color":"","overlay-opacity":"","overlay-gradient":""}},"ast-content-background-meta":{"desktop":{"background-color":"var(--ast-global-color-5)","background-image":"","background-repeat":"repeat","background-position":"center center","background-size":"auto","background-attachment":"scroll","background-type":"","background-media":"","overlay-type":"","overlay-color":"","overlay-opacity":"","overlay-gradient":""},"tablet":{"background-color":"var(--ast-global-color-5)","background-image":"","background-repeat":"repeat","background-position":"center center","background-size":"auto","background-attachment":"scroll","background-type":"","background-media":"","overlay-type":"","overlay-color":"","overlay-opacity":"","overlay-gradient":""},"mobile":{"background-color":"var(--ast-global-color-5)","background-image":"","background-repeat":"repeat","background-position":"center center","background-size":"auto","background-attachment":"scroll","background-type":"","background-media":"","overlay-type":"","overlay-color":"","overlay-opacity":"","overlay-gradient":""}},"footnotes":""},"class_list":["post-2388","page","type-page","status-publish","hentry"],"yoast_head":"<!-- This site is optimized with the Yoast SEO plugin v27.4 - https:\/\/yoast.com\/product\/yoast-seo-wordpress\/ -->\n<title>Propret\u00e9 - Industrie - IBMH Conseils<\/title>\n<meta name=\"robots\" content=\"index, follow, max-snippet:-1, max-image-preview:large, max-video-preview:-1\" \/>\n<link rel=\"canonical\" href=\"https:\/\/ibmhconseils.com\/index.php\/proprete-industrie\/\" \/>\n<meta property=\"og:locale\" content=\"fr_FR\" \/>\n<meta property=\"og:type\" content=\"article\" \/>\n<meta property=\"og:title\" content=\"Propret\u00e9 - Industrie - IBMH Conseils\" \/>\n<meta property=\"og:description\" content=\"Industrie IBMH Conseils propose des solutions de proc\u00e9dure de nettoyage industriel adapt\u00e9es \u00e0 votre secteur. Que vous interveniez dans le secteur de l\u2019automobile, de la logistique ou de la manutention, du transport, de la cimenterie ou de la fonderie, de la m\u00e9canique, de la p\u00e9trochimie, de la m\u00e9tallurgie, ou de la sid\u00e9rurgie\u2026 nous vous proposons de vous accompagner pour composer votre solution sur mesure parmi notre large gamme de prestations. Les interventions sont r\u00e9alis\u00e9es par des \u00e9quipes de nettoyage exp\u00e9riment\u00e9es et dot\u00e9es d&rsquo;un mat\u00e9riel de nettoyage industriel adapt\u00e9. Entretien des lignes de production : nettoyage de machine industrielle de production, des carters et\/ou des int\u00e9rieurs, aspiration de poussi\u00e8res sp\u00e9cifiques et gros volumes, nettoyage \u00e0 haute pression, aspiration de bacs de r\u00e9tention d\u2019huiles. Nettoyage industriel par cryog\u00e9nie (projection de glace carbonique). Une question ? Un besoin ? Contactez-nous\" \/>\n<meta property=\"og:url\" content=\"https:\/\/ibmhconseils.com\/index.php\/proprete-industrie\/\" \/>\n<meta property=\"og:site_name\" content=\"IBMH Conseils\" \/>\n<meta property=\"article:modified_time\" content=\"2023-05-18T10:16:22+00:00\" \/>\n<meta property=\"og:image\" content=\"http:\/\/ibmhconseils.com\/wp-content\/uploads\/2023\/05\/pexels-pixabay-209271-scaled-e1683356827590.jpg\" \/>\n<meta name=\"twitter:card\" content=\"summary_large_image\" \/>\n<meta name=\"twitter:label1\" content=\"Dur\u00e9e de lecture estim\u00e9e\" \/>\n\t<meta name=\"twitter:data1\" content=\"1 minute\" \/>\n<script type=\"application\/ld+json\" class=\"yoast-schema-graph\">{\"@context\":\"https:\\\/\\\/schema.org\",\"@graph\":[{\"@type\":\"WebPage\",\"@id\":\"https:\\\/\\\/ibmhconseils.com\\\/index.php\\\/proprete-industrie\\\/\",\"url\":\"https:\\\/\\\/ibmhconseils.com\\\/index.php\\\/proprete-industrie\\\/\",\"name\":\"Propret\u00e9 - Industrie - IBMH Conseils\",\"isPartOf\":{\"@id\":\"https:\\\/\\\/ibmhconseils.com\\\/#website\"},\"primaryImageOfPage\":{\"@id\":\"https:\\\/\\\/ibmhconseils.com\\\/index.php\\\/proprete-industrie\\\/#primaryimage\"},\"image\":{\"@id\":\"https:\\\/\\\/ibmhconseils.com\\\/index.php\\\/proprete-industrie\\\/#primaryimage\"},\"thumbnailUrl\":\"http:\\\/\\\/ibmhconseils.com\\\/wp-content\\\/uploads\\\/2023\\\/05\\\/pexels-pixabay-209271-scaled-e1683356827590.jpg\",\"datePublished\":\"2023-05-15T14:14:09+00:00\",\"dateModified\":\"2023-05-18T10:16:22+00:00\",\"breadcrumb\":{\"@id\":\"https:\\\/\\\/ibmhconseils.com\\\/index.php\\\/proprete-industrie\\\/#breadcrumb\"},\"inLanguage\":\"fr-FR\",\"potentialAction\":[{\"@type\":\"ReadAction\",\"target\":[\"https:\\\/\\\/ibmhconseils.com\\\/index.php\\\/proprete-industrie\\\/\"]}]},{\"@type\":\"ImageObject\",\"inLanguage\":\"fr-FR\",\"@id\":\"https:\\\/\\\/ibmhconseils.com\\\/index.php\\\/proprete-industrie\\\/#primaryimage\",\"url\":\"http:\\\/\\\/ibmhconseils.com\\\/wp-content\\\/uploads\\\/2023\\\/05\\\/pexels-pixabay-209271-scaled-e1683356827590.jpg\",\"contentUrl\":\"http:\\\/\\\/ibmhconseils.com\\\/wp-content\\\/uploads\\\/2023\\\/05\\\/pexels-pixabay-209271-scaled-e1683356827590.jpg\"},{\"@type\":\"BreadcrumbList\",\"@id\":\"https:\\\/\\\/ibmhconseils.com\\\/index.php\\\/proprete-industrie\\\/#breadcrumb\",\"itemListElement\":[{\"@type\":\"ListItem\",\"position\":1,\"name\":\"Accueil\",\"item\":\"https:\\\/\\\/ibmhconseils.com\\\/\"},{\"@type\":\"ListItem\",\"position\":2,\"name\":\"Propret\u00e9 &#8211; Industrie\"}]},{\"@type\":\"WebSite\",\"@id\":\"https:\\\/\\\/ibmhconseils.com\\\/#website\",\"url\":\"https:\\\/\\\/ibmhconseils.com\\\/\",\"name\":\"IBMH Conseils\",\"description\":\"Collaborez avec des professionnels sp\u00e9cialis\u00e9s dans vos domaines d\u2019activit\u00e9s\",\"publisher\":{\"@id\":\"https:\\\/\\\/ibmhconseils.com\\\/#organization\"},\"potentialAction\":[{\"@type\":\"SearchAction\",\"target\":{\"@type\":\"EntryPoint\",\"urlTemplate\":\"https:\\\/\\\/ibmhconseils.com\\\/?s={search_term_string}\"},\"query-input\":{\"@type\":\"PropertyValueSpecification\",\"valueRequired\":true,\"valueName\":\"search_term_string\"}}],\"inLanguage\":\"fr-FR\"},{\"@type\":\"Organization\",\"@id\":\"https:\\\/\\\/ibmhconseils.com\\\/#organization\",\"name\":\"IBMH Conseils\",\"url\":\"https:\\\/\\\/ibmhconseils.com\\\/\",\"logo\":{\"@type\":\"ImageObject\",\"inLanguage\":\"fr-FR\",\"@id\":\"https:\\\/\\\/ibmhconseils.com\\\/#\\\/schema\\\/logo\\\/image\\\/\",\"url\":\"https:\\\/\\\/ibmhconseils.com\\\/wp-content\\\/uploads\\\/2025\\\/05\\\/LOGO-IBMH-CONSEILS-BLANC_.png\",\"contentUrl\":\"https:\\\/\\\/ibmhconseils.com\\\/wp-content\\\/uploads\\\/2025\\\/05\\\/LOGO-IBMH-CONSEILS-BLANC_.png\",\"width\":1829,\"height\":738,\"caption\":\"IBMH Conseils\"},\"image\":{\"@id\":\"https:\\\/\\\/ibmhconseils.com\\\/#\\\/schema\\\/logo\\\/image\\\/\"},\"sameAs\":[\"https:\\\/\\\/www.linkedin.com\\\/in\\\/ibmh-conseils-7508931b6\\\/\"]}]}<\/script>\n<!-- \/ Yoast SEO plugin. -->","yoast_head_json":{"title":"Propret\u00e9 - Industrie - IBMH Conseils","robots":{"index":"index","follow":"follow","max-snippet":"max-snippet:-1","max-image-preview":"max-image-preview:large","max-video-preview":"max-video-preview:-1"},"canonical":"https:\/\/ibmhconseils.com\/index.php\/proprete-industrie\/","og_locale":"fr_FR","og_type":"article","og_title":"Propret\u00e9 - Industrie - IBMH Conseils","og_description":"Industrie IBMH Conseils propose des solutions de proc\u00e9dure de nettoyage industriel adapt\u00e9es \u00e0 votre secteur. Que vous interveniez dans le secteur de l\u2019automobile, de la logistique ou de la manutention, du transport, de la cimenterie ou de la fonderie, de la m\u00e9canique, de la p\u00e9trochimie, de la m\u00e9tallurgie, ou de la sid\u00e9rurgie\u2026 nous vous proposons de vous accompagner pour composer votre solution sur mesure parmi notre large gamme de prestations. Les interventions sont r\u00e9alis\u00e9es par des \u00e9quipes de nettoyage exp\u00e9riment\u00e9es et dot\u00e9es d&rsquo;un mat\u00e9riel de nettoyage industriel adapt\u00e9. Entretien des lignes de production : nettoyage de machine industrielle de production, des carters et\/ou des int\u00e9rieurs, aspiration de poussi\u00e8res sp\u00e9cifiques et gros volumes, nettoyage \u00e0 haute pression, aspiration de bacs de r\u00e9tention d\u2019huiles. Nettoyage industriel par cryog\u00e9nie (projection de glace carbonique). Une question ? Un besoin ? Contactez-nous","og_url":"https:\/\/ibmhconseils.com\/index.php\/proprete-industrie\/","og_site_name":"IBMH Conseils","article_modified_time":"2023-05-18T10:16:22+00:00","og_image":[{"url":"http:\/\/ibmhconseils.com\/wp-content\/uploads\/2023\/05\/pexels-pixabay-209271-scaled-e1683356827590.jpg","type":"","width":"","height":""}],"twitter_card":"summary_large_image","twitter_misc":{"Dur\u00e9e de lecture estim\u00e9e":"1 minute"},"schema":{"@context":"https:\/\/schema.org","@graph":[{"@type":"WebPage","@id":"https:\/\/ibmhconseils.com\/index.php\/proprete-industrie\/","url":"https:\/\/ibmhconseils.com\/index.php\/proprete-industrie\/","name":"Propret\u00e9 - Industrie - IBMH Conseils","isPartOf":{"@id":"https:\/\/ibmhconseils.com\/#website"},"primaryImageOfPage":{"@id":"https:\/\/ibmhconseils.com\/index.php\/proprete-industrie\/#primaryimage"},"image":{"@id":"https:\/\/ibmhconseils.com\/index.php\/proprete-industrie\/#primaryimage"},"thumbnailUrl":"http:\/\/ibmhconseils.com\/wp-content\/uploads\/2023\/05\/pexels-pixabay-209271-scaled-e1683356827590.jpg","datePublished":"2023-05-15T14:14:09+00:00","dateModified":"2023-05-18T10:16:22+00:00","breadcrumb":{"@id":"https:\/\/ibmhconseils.com\/index.php\/proprete-industrie\/#breadcrumb"},"inLanguage":"fr-FR","potentialAction":[{"@type":"ReadAction","target":["https:\/\/ibmhconseils.com\/index.php\/proprete-industrie\/"]}]},{"@type":"ImageObject","inLanguage":"fr-FR","@id":"https:\/\/ibmhconseils.com\/index.php\/proprete-industrie\/#primaryimage","url":"http:\/\/ibmhconseils.com\/wp-content\/uploads\/2023\/05\/pexels-pixabay-209271-scaled-e1683356827590.jpg","contentUrl":"http:\/\/ibmhconseils.com\/wp-content\/uploads\/2023\/05\/pexels-pixabay-209271-scaled-e1683356827590.jpg"},{"@type":"BreadcrumbList","@id":"https:\/\/ibmhconseils.com\/index.php\/proprete-industrie\/#breadcrumb","itemListElement":[{"@type":"ListItem","position":1,"name":"Accueil","item":"https:\/\/ibmhconseils.com\/"},{"@type":"ListItem","position":2,"name":"Propret\u00e9 &#8211; Industrie"}]},{"@type":"WebSite","@id":"https:\/\/ibmhconseils.com\/#website","url":"https:\/\/ibmhconseils.com\/","name":"IBMH Conseils","description":"Collaborez avec des professionnels sp\u00e9cialis\u00e9s dans vos domaines d\u2019activit\u00e9s","publisher":{"@id":"https:\/\/ibmhconseils.com\/#organization"},"potentialAction":[{"@type":"SearchAction","target":{"@type":"EntryPoint","urlTemplate":"https:\/\/ibmhconseils.com\/?s={search_term_string}"},"query-input":{"@type":"PropertyValueSpecification","valueRequired":true,"valueName":"search_term_string"}}],"inLanguage":"fr-FR"},{"@type":"Organization","@id":"https:\/\/ibmhconseils.com\/#organization","name":"IBMH Conseils","url":"https:\/\/ibmhconseils.com\/","logo":{"@type":"ImageObject","inLanguage":"fr-FR","@id":"https:\/\/ibmhconseils.com\/#\/schema\/logo\/image\/","url":"https:\/\/ibmhconseils.com\/wp-content\/uploads\/2025\/05\/LOGO-IBMH-CONSEILS-BLANC_.png","contentUrl":"https:\/\/ibmhconseils.com\/wp-content\/uploads\/2025\/05\/LOGO-IBMH-CONSEILS-BLANC_.png","width":1829,"height":738,"caption":"IBMH Conseils"},"image":{"@id":"https:\/\/ibmhconseils.com\/#\/schema\/logo\/image\/"},"sameAs":["https:\/\/www.linkedin.com\/in\/ibmh-conseils-7508931b6\/"]}]}},"jetpack_sharing_enabled":true,"_links":{"self":[{"href":"https:\/\/ibmhconseils.com\/index.php\/wp-json\/wp\/v2\/pages\/2388","targetHints":{"allow":["GET"]}}],"collection":[{"href":"https:\/\/ibmhconseils.com\/index.php\/wp-json\/wp\/v2\/pages"}],"about":[{"href":"https:\/\/ibmhconseils.com\/index.php\/wp-json\/wp\/v2\/types\/page"}],"author":[{"embeddable":true,"href":"https:\/\/ibmhconseils.com\/index.php\/wp-json\/wp\/v2\/users\/1"}],"replies":[{"embeddable":true,"href":"https:\/\/ibmhconseils.com\/index.php\/wp-json\/wp\/v2\/comments?post=2388"}],"version-history":[{"count":25,"href":"https:\/\/ibmhconseils.com\/index.php\/wp-json\/wp\/v2\/pages\/2388\/revisions"}],"predecessor-version":[{"id":2536,"href":"https:\/\/ibmhconseils.com\/index.php\/wp-json\/wp\/v2\/pages\/2388\/revisions\/2536"}],"wp:attachment":[{"href":"https:\/\/ibmhconseils.com\/index.php\/wp-json\/wp\/v2\/media?parent=2388"}],"curies":[{"name":"wp","href":"https:\/\/api.w.org\/{rel}","templated":true}]}}